{"id":73,"date":"2012-11-13T12:24:07","date_gmt":"2012-11-13T11:24:07","guid":{"rendered":"http:\/\/kreapaedie.de\/wordpress\/?page_id=73"},"modified":"2014-10-22T14:25:48","modified_gmt":"2014-10-22T13:25:48","slug":"impressum","status":"publish","type":"page","link":"http:\/\/kreapaedie.de\/wordpress\/impressum\/","title":{"rendered":"Impressum"},"content":{"rendered":"<p><span style=\"font-size: 12px;\">KREAP\u00c4DIE &#8211; AKADEMIE<\/span><br \/>\n<span style=\"font-size: 12px;\"> Oberl\u00e4nder Ufer 154<\/span><br \/>\n<span style=\"font-size: 12px;\"> 50968 K\u00f6ln<\/span><\/p>\n<p><span style=\"font-size: 12px;\">Tel 0221 80111370<\/span><br \/>\n<span style=\"font-size: 12px;\"> Fax 0221 34030675<\/span><br \/>\n<span style=\"font-size: 12px;\"> Email kreapaedie[at]t-online.de<\/span><\/p>\n<p><span style=\"font-size: 12px;\">Inhaberin: Dr. med. Brigitte Halewitsch<\/span><\/p>\n<p><span style=\"font-size: 12px;\">219\/5122\/1793 Finanzamt K\u00f6ln-S\u00fcd<\/span><\/p>\n<h3><span style=\"font-size: 12px;\"> Haftung f\u00fcr Inhalte<\/span><\/h3>\n<p><span style=\"font-size: 12px;\">Die Inhalte unserer Seiten wurden mit gr\u00f6\u00dfter Sorgfalt erstellt. F\u00fcr die Richtigkeit, Vollst\u00e4ndigkeit und Aktualit\u00e4t der Inhalte k\u00f6nnen wir jedoch keine Gew\u00e4hr \u00fcbernehmen. Als Diensteanbieter sind wir gem\u00e4\u00df \u00a7 7 Abs.1 TMG f\u00fcr eigene Inhalte auf diesen Seiten nach den allgemeinen Gesetzen verantwortlich. Nach \u00a7\u00a7 8 bis 10 TMG sind wir als Diensteanbieter jedoch nicht verpflichtet, \u00fcbermittelte oder gespeicherte fremde Informationen zu \u00fcberwachen oder nach Umst\u00e4nden zu forschen, die auf eine rechtswidrige T\u00e4tigkeit hinweisen. Verpflichtungen zur Entfernung oder Sperrung der Nutzung von Informationen nach den allgemeinen Gesetzen bleiben hiervon unber\u00fchrt. Eine diesbez\u00fcgliche Haftung ist jedoch erst ab dem Zeitpunkt der Kenntnis einer konkreten Rechtsverletzung m\u00f6glich. Bei bekannt werden von entsprechenden Rechtsverletzungen werden wir diese Inhalte umgehend entfernen.<\/span><\/p>\n<h3><span style=\"font-size: 12px;\">Haftung f\u00fcr Links<\/span><\/h3>\n<p><span style=\"font-size: 12px;\">Unser Angebot enth\u00e4lt Links zu externen Webseiten Dritter, auf deren Inhalte wir keinen Einfluss haben. Deshalb k\u00f6nnen wir f\u00fcr diese fremden Inhalte auch keine Gew\u00e4hr \u00fcbernehmen. F\u00fcr die Inhalte der verlinkten Seiten ist stets der jeweilige Anbieter oder Betreiber der Seiten verantwortlich. Die verlinkten Seiten wurden zum Zeitpunkt der Verlinkung auf m\u00f6gliche Rechtsverst\u00f6\u00dfe \u00fcberpr\u00fcft. Rechtswidrige Inhalte waren zum Zeitpunkt der Verlinkung nicht erkennbar. Eine permanente inhaltliche Kontrolle der verlinkten Seiten ist jedoch ohne konkrete Anhaltspunkte einer Rechtsverletzung nicht zumutbar. Bei Bekanntwerden von Rechtsverletzungen werden wir derartige Links umgehend entfernen.<\/span><\/p>\n<h3><span style=\"font-size: 12px;\">Urheberrecht<\/span><\/h3>\n<p><span style=\"font-size: 12px;\">Die durch die Seitenbetreiber erstellten Inhalte und Werke auf diesen Seiten unterliegen dem deutschen Urheberrecht. Die Vervielf\u00e4ltigung, Bearbeitung, Verbreitung und jede Art der Verwertung au\u00dferhalb der Grenzen des Urheberrechtes bed\u00fcrfen der schriftlichen Zustimmung des jeweiligen Autors bzw. Erstellers. Downloads und Kopien dieser Seite sind nur f\u00fcr den privaten, nicht kommerziellen Gebrauch gestattet. Soweit die Inhalte auf dieser Seite nicht vom Betreiber erstellt wurden, werden die Urheberrechte Dritter beachtet. Insbesondere werden Inhalte Dritter als solche gekennzeichnet. Sollten Sie trotzdem auf eine Urheberrechtsverletzung aufmerksam werden, bitten wir um einen entsprechenden Hinweis. Bei Bekanntwerden von Rechtsverletzungen werden wir derartige Inhalte umgehend entfernen.<\/span><\/p>\n<h3><span style=\"font-size: 12px;\">Datenschutz<\/span><\/h3>\n<p><span style=\"font-size: 12px;\">Die Nutzung unserer Webseite ist in der Regel ohne Angabe personenbezogener Daten m\u00f6glich. Soweit auf unseren Seiten personenbezogene Daten (beispielsweise Name, Anschrift oder eMail-Adressen) erhoben werden, erfolgt dies, soweit m\u00f6glich, stets auf freiwilliger Basis. Diese Daten werden ohne Ihre ausdr\u00fcckliche Zustimmung nicht an Dritte weitergegeben. Wir weisen darauf hin, dass die Daten\u00fcbertragung im Internet (z.B. bei der Kommunikation per E-Mail) Sicherheitsl\u00fccken aufweisen kann. Ein l\u00fcckenloser Schutz der Daten vor dem Zugriff durch Dritte ist nicht m\u00f6glich. Der Nutzung von im Rahmen der Impressumspflicht ver\u00f6ffentlichten Kontaktdaten durch Dritte zur \u00dcbersendung von nicht ausdr\u00fccklich angeforderter Werbung und Informationsmaterialien wird hiermit ausdr\u00fccklich widersprochen. Die Betreiber der Seiten behalten sich ausdr\u00fccklich rechtliche Schritte im Falle der unverlangten Zusendung von Werbeinformationen, etwa durch Spam-Mails, vor.<\/span><\/p>\n<p>&nbsp;<\/p>\n<!-- AddThis Advanced Settings generic via filter on the_content -->","protected":false},"excerpt":{"rendered":"<p>KREAP\u00c4DIE &#8211; AKADEMIE Oberl\u00e4nder Ufer 154 50968 K\u00f6ln Tel 0221 80111370 Fax 0221 34030675 Email kreapaedie[at]t-online.de Inhaberin: Dr. med. Brigitte Halewitsch 219\/5122\/1793 Finanzamt K\u00f6ln-S\u00fcd Haftung f\u00fcr Inhalte Die Inhalte unserer Seiten wurden mit gr\u00f6\u00dfter Sorgfalt erstellt. F\u00fcr die Richtigkeit, Vollst\u00e4ndigkeit &hellip; <a class=\"more-link\" href=\"http:\/\/kreapaedie.de\/wordpress\/impressum\/\">Weiterlesen <span class=\"meta-nav\">&rarr;<\/span><\/a><!-- AddThis Advanced Settings generic via filter on get_the_excerpt --><\/p>\n","protected":false},"author":1,"featured_media":0,"parent":0,"menu_order":0,"comment_status":"closed","ping_status":"open","template":"","meta":{"footnotes":""},"class_list":["post-73","page","type-page","status-publish","hentry"],"yoast_head":"<!-- This site is optimized with the Yoast SEO plugin v18.8 - https:\/\/yoast.com\/wordpress\/plugins\/seo\/ -->\n<title>Impressum - Kreap\u00e4die Akademie<\/title>\n<meta name=\"description\" content=\"Impressum der Kreapadie Akademie in K\u00f6ln.\" \/>\n<meta name=\"robots\" content=\"index, follow, max-snippet:-1, max-image-preview:large, max-video-preview:-1\" \/>\n<link rel=\"canonical\" href=\"http:\/\/kreapaedie.de\/wordpress\/impressum\/\" \/>\n<meta property=\"og:locale\" content=\"de_DE\" \/>\n<meta property=\"og:type\" content=\"article\" \/>\n<meta property=\"og:title\" content=\"Impressum - Kreap\u00e4die Akademie\" \/>\n<meta property=\"og:description\" content=\"Impressum der Kreapadie Akademie in K\u00f6ln.\" \/>\n<meta property=\"og:url\" content=\"http:\/\/kreapaedie.de\/wordpress\/impressum\/\" \/>\n<meta property=\"og:site_name\" content=\"Kreap\u00e4die Akademie\" \/>\n<meta property=\"article:modified_time\" content=\"2014-10-22T13:25:48+00:00\" \/>\n<meta name=\"twitter:label1\" content=\"Gesch\u00e4tzte Lesezeit\" \/>\n\t<meta name=\"twitter:data1\" content=\"2\u00a0Minuten\" \/>\n<script type=\"application\/ld+json\" class=\"yoast-schema-graph\">{\"@context\":\"https:\/\/schema.org\",\"@graph\":[{\"@type\":\"WebSite\",\"@id\":\"http:\/\/kreapaedie.de\/wordpress\/#website\",\"url\":\"http:\/\/kreapaedie.de\/wordpress\/\",\"name\":\"Kreap\u00e4die Akademie\",\"description\":\"Burnout Pr\u00e4vention &amp; Prophylaxe durch psychohygienische Pr\u00e4vention in K\u00f6ln\",\"potentialAction\":[{\"@type\":\"SearchAction\",\"target\":{\"@type\":\"EntryPoint\",\"urlTemplate\":\"http:\/\/kreapaedie.de\/wordpress\/?s={search_term_string}\"},\"query-input\":\"required name=search_term_string\"}],\"inLanguage\":\"de\"},{\"@type\":\"WebPage\",\"@id\":\"http:\/\/kreapaedie.de\/wordpress\/impressum\/#webpage\",\"url\":\"http:\/\/kreapaedie.de\/wordpress\/impressum\/\",\"name\":\"Impressum - Kreap\u00e4die Akademie\",\"isPartOf\":{\"@id\":\"http:\/\/kreapaedie.de\/wordpress\/#website\"},\"datePublished\":\"2012-11-13T11:24:07+00:00\",\"dateModified\":\"2014-10-22T13:25:48+00:00\",\"description\":\"Impressum der Kreapadie Akademie in K\u00f6ln.\",\"breadcrumb\":{\"@id\":\"http:\/\/kreapaedie.de\/wordpress\/impressum\/#breadcrumb\"},\"inLanguage\":\"de\",\"potentialAction\":[{\"@type\":\"ReadAction\",\"target\":[\"http:\/\/kreapaedie.de\/wordpress\/impressum\/\"]}]},{\"@type\":\"BreadcrumbList\",\"@id\":\"http:\/\/kreapaedie.de\/wordpress\/impressum\/#breadcrumb\",\"itemListElement\":[{\"@type\":\"ListItem\",\"position\":1,\"name\":\"Home\",\"item\":\"http:\/\/kreapaedie.de\/wordpress\/\"},{\"@type\":\"ListItem\",\"position\":2,\"name\":\"Impressum\"}]}]}<\/script>\n<!-- \/ Yoast SEO plugin. -->","yoast_head_json":{"title":"Impressum - Kreap\u00e4die Akademie","description":"Impressum der Kreapadie Akademie in K\u00f6ln.","robots":{"index":"index","follow":"follow","max-snippet":"max-snippet:-1","max-image-preview":"max-image-preview:large","max-video-preview":"max-video-preview:-1"},"canonical":"http:\/\/kreapaedie.de\/wordpress\/impressum\/","og_locale":"de_DE","og_type":"article","og_title":"Impressum - Kreap\u00e4die Akademie","og_description":"Impressum der Kreapadie Akademie in K\u00f6ln.","og_url":"http:\/\/kreapaedie.de\/wordpress\/impressum\/","og_site_name":"Kreap\u00e4die Akademie","article_modified_time":"2014-10-22T13:25:48+00:00","twitter_misc":{"Gesch\u00e4tzte Lesezeit":"2\u00a0Minuten"},"schema":{"@context":"https:\/\/schema.org","@graph":[{"@type":"WebSite","@id":"http:\/\/kreapaedie.de\/wordpress\/#website","url":"http:\/\/kreapaedie.de\/wordpress\/","name":"Kreap\u00e4die Akademie","description":"Burnout Pr\u00e4vention &amp; Prophylaxe durch psychohygienische Pr\u00e4vention in K\u00f6ln","potentialAction":[{"@type":"SearchAction","target":{"@type":"EntryPoint","urlTemplate":"http:\/\/kreapaedie.de\/wordpress\/?s={search_term_string}"},"query-input":"required name=search_term_string"}],"inLanguage":"de"},{"@type":"WebPage","@id":"http:\/\/kreapaedie.de\/wordpress\/impressum\/#webpage","url":"http:\/\/kreapaedie.de\/wordpress\/impressum\/","name":"Impressum - Kreap\u00e4die Akademie","isPartOf":{"@id":"http:\/\/kreapaedie.de\/wordpress\/#website"},"datePublished":"2012-11-13T11:24:07+00:00","dateModified":"2014-10-22T13:25:48+00:00","description":"Impressum der Kreapadie Akademie in K\u00f6ln.","breadcrumb":{"@id":"http:\/\/kreapaedie.de\/wordpress\/impressum\/#breadcrumb"},"inLanguage":"de","potentialAction":[{"@type":"ReadAction","target":["http:\/\/kreapaedie.de\/wordpress\/impressum\/"]}]},{"@type":"BreadcrumbList","@id":"http:\/\/kreapaedie.de\/wordpress\/impressum\/#breadcrumb","itemListElement":[{"@type":"ListItem","position":1,"name":"Home","item":"http:\/\/kreapaedie.de\/wordpress\/"},{"@type":"ListItem","position":2,"name":"Impressum"}]}]}},"_links":{"self":[{"href":"http:\/\/kreapaedie.de\/wordpress\/wp-json\/wp\/v2\/pages\/73","targetHints":{"allow":["GET"]}}],"collection":[{"href":"http:\/\/kreapaedie.de\/wordpress\/wp-json\/wp\/v2\/pages"}],"about":[{"href":"http:\/\/kreapaedie.de\/wordpress\/wp-json\/wp\/v2\/types\/page"}],"author":[{"embeddable":true,"href":"http:\/\/kreapaedie.de\/wordpress\/wp-json\/wp\/v2\/users\/1"}],"replies":[{"embeddable":true,"href":"http:\/\/kreapaedie.de\/wordpress\/wp-json\/wp\/v2\/comments?post=73"}],"version-history":[{"count":6,"href":"http:\/\/kreapaedie.de\/wordpress\/wp-json\/wp\/v2\/pages\/73\/revisions"}],"predecessor-version":[{"id":232,"href":"http:\/\/kreapaedie.de\/wordpress\/wp-json\/wp\/v2\/pages\/73\/revisions\/232"}],"wp:attachment":[{"href":"http:\/\/kreapaedie.de\/wordpress\/wp-json\/wp\/v2\/media?parent=73"}],"curies":[{"name":"wp","href":"https:\/\/api.w.org\/{rel}","templated":true}]}}