{"id":54,"date":"2012-11-13T12:11:18","date_gmt":"2012-11-13T11:11:18","guid":{"rendered":"http:\/\/kreapaedie.de\/wordpress\/?page_id=54"},"modified":"2016-03-02T12:52:04","modified_gmt":"2016-03-02T11:52:04","slug":"musikalische-improvisation","status":"publish","type":"page","link":"http:\/\/kreapaedie.de\/wordpress\/musikalische-improvisation\/","title":{"rendered":"Musikalische Improvisation"},"content":{"rendered":"<p>&nbsp;<\/p>\n<p>&nbsp;<\/p>\n<p><a href=\"http:\/\/kreapaedie.de\/wordpress\/wp-content\/uploads\/2012\/11\/Musikinstrumente-Dscheng-sw.jpg\"><img loading=\"lazy\" decoding=\"async\" class=\"alignleft wp-image-411 size-medium\" title=\"dscheng_mit_rassel\" src=\"http:\/\/kreapaedie.de\/wordpress\/wp-content\/uploads\/2012\/11\/Musikinstrumente-Dscheng-sw-225x300.jpg\" alt=\"\" width=\"225\" height=\"300\" srcset=\"http:\/\/kreapaedie.de\/wordpress\/wp-content\/uploads\/2012\/11\/Musikinstrumente-Dscheng-sw-225x300.jpg 225w, http:\/\/kreapaedie.de\/wordpress\/wp-content\/uploads\/2012\/11\/Musikinstrumente-Dscheng-sw.jpg 576w\" sizes=\"auto, (max-width: 225px) 100vw, 225px\" \/><\/a><span style=\"font-size: 12px;\">Musikalische Improvisation bedeutet spontane Kommunikation durch Austausch akustischer Signale. Teilnehmer einer improvisierenden Selbsterfahrungsgruppe sind keine\u00a0professionellen\u00a0Musiker sondern Laien. Die verwendeten Klang- und Rhythmusinstrumente setzen keinerlei Vorkenntnisse voraus. Jedermann kann sich auf diese Art verst\u00e4ndigen, da das zugrunde liegende Musikverst\u00e4ndnis zwar einerseits modern (Jazz), andererseits urspr\u00fcnglich ist. Bis zum Barock verstand man\u00a0Musik\u00a0nicht als Darbietung sondern als Kommunikation.<\/span><\/p>\n<p><span style=\"font-size: 12px;\">Als Erg\u00e4nzung einer verbalen Selbsterfahrungsgruppe f\u00f6rdert die Einbeziehung musikalischer Improvisation &#8211; wie allgemein nonverbaler Elemente &#8211; die Wahrnehmung von Emotion und K\u00f6rpergef\u00fchl, spontanen Selbstausdruck und Intuition. Sie kultiviert Empathie und Beziehungsf\u00e4higkeit, st\u00e4rkt Selbstwahrnehmung, Selbstbewusstsein und Vitalit\u00e4t und trainiert aktiv konstruktives Zuh\u00f6ren.<\/span><\/p>\n<p><span style=\"font-size: 12px;\">Im musikalischen Austausch widersprechen sich Gegens\u00e4tze nicht, sondern erg\u00e4nzen einander. Intensiviertes H\u00f6ren von sich selbst schlie\u00dft bei gemeinsamer Improvisation das H\u00f6ren des Anderen nicht aus sondern ein, selbst wenn gleichzeitig \u201egesprochen\u201c wird. Frage, Antwort und Handlung bilden eine Einheit. Der in der Gruppe improvisierende Mensch kann sich auf einzigartige Weise gleichzeitig als Individuum und als zugeh\u00f6riger Teil eines Kollektivs erfahren. In dieser Besonderheit besteht\u00a0eine Parallele zu systemischen Aufstellungen.<\/span><\/p>\n<p><span style=\"font-size: 12px;\">W\u00e4hrend ausschlie\u00dflich verbale Kommunikation, linkshirnig betont, das Individuum in alten Denkstrukturen und Selbstkonzepten gefangen h\u00e4lt, er\u00f6ffnet ihm ungewohnte nonverbale Kommunikation, rechtshirnig lokalisiert, besonders \u00fcber den H\u00f6rkanal neue M\u00f6glichkeiten freier Selbstgestaltung.<\/span><\/p>\n<p><span style=\"font-size: 12px;\">Wesentliches Charakteristikum von Improvisation ist das Spielerische im Gegensatz zu demonstrierter Leistung. Improvisieren hei\u00dft Experimentieren, gleicht einem Sprung ins Unbekannte und inspiriert somit Mut. Die Flow-Qualit\u00e4t voraussetzungsloser Freude an eigener zweckfreier Aktivit\u00e4t wird neu erlebbar.<\/span><\/p>\n<p><span style=\"font-size: 12px;\">Dieses Potential bewirkt, dass\u00a0musikalische Improvisation in einer Selbsterfahrungsgruppe psychohygienisch auch\u00a0als\u00a0<a href=\"http:\/\/kreapaedie.de\/wordpress\/burnout-praevention\/\"><strong>Burnout-Pr\u00e4vention<\/strong><\/a> wirken kann.<\/span><\/p>\n<!-- AddThis Advanced Settings generic via filter on the_content -->","protected":false},"excerpt":{"rendered":"<p>&nbsp; &nbsp; Musikalische Improvisation bedeutet spontane Kommunikation durch Austausch akustischer Signale. Teilnehmer einer improvisierenden Selbsterfahrungsgruppe sind keine\u00a0professionellen\u00a0Musiker sondern Laien. Die verwendeten Klang- und Rhythmusinstrumente setzen keinerlei Vorkenntnisse voraus. Jedermann kann sich auf diese Art verst\u00e4ndigen, da das zugrunde liegende Musikverst\u00e4ndnis &hellip; <a class=\"more-link\" href=\"http:\/\/kreapaedie.de\/wordpress\/musikalische-improvisation\/\">Weiterlesen <span class=\"meta-nav\">&rarr;<\/span><\/a><!-- AddThis Advanced Settings generic via filter on get_the_excerpt --><\/p>\n","protected":false},"author":1,"featured_media":0,"parent":0,"menu_order":0,"comment_status":"closed","ping_status":"open","template":"","meta":{"footnotes":""},"class_list":["post-54","page","type-page","status-publish","hentry","keywords-burnout","keywords-burnout-praevention","keywords-burnout-prophylaxe","keywords-empathie","keywords-kommunikation-durch-musik","keywords-musikalische-improvisation","keywords-psychohygiene","keywords-selbstausdruck","keywords-selbstbewusstsein","keywords-selbstwahrnehmung"],"yoast_head":"<!-- This site is optimized with the Yoast SEO plugin v18.8 - https:\/\/yoast.com\/wordpress\/plugins\/seo\/ -->\n<title>Musikalische Improvisation - Mehr Selbstbewu\u00dftsein &amp; Vitalit\u00e4t<\/title>\n<meta name=\"description\" content=\"Musikalische Improvisation f\u00f6rdert nicht nur die Wahrnehmung von Emotion &amp; K\u00f6rpergef\u00fchl, sondern auch den spontanen Selbstausdruck und Intuition.\" \/>\n<meta name=\"robots\" content=\"index, follow, max-snippet:-1, max-image-preview:large, max-video-preview:-1\" \/>\n<link rel=\"canonical\" href=\"http:\/\/kreapaedie.de\/wordpress\/musikalische-improvisation\/\" \/>\n<meta property=\"og:locale\" content=\"de_DE\" \/>\n<meta property=\"og:type\" content=\"article\" \/>\n<meta property=\"og:title\" content=\"Musikalische Improvisation - Mehr Selbstbewu\u00dftsein &amp; Vitalit\u00e4t\" \/>\n<meta property=\"og:description\" content=\"Musikalische Improvisation f\u00f6rdert nicht nur die Wahrnehmung von Emotion &amp; K\u00f6rpergef\u00fchl, sondern auch den spontanen Selbstausdruck und Intuition.\" \/>\n<meta property=\"og:url\" content=\"http:\/\/kreapaedie.de\/wordpress\/musikalische-improvisation\/\" \/>\n<meta property=\"og:site_name\" content=\"Kreap\u00e4die Akademie\" \/>\n<meta property=\"article:modified_time\" content=\"2016-03-02T11:52:04+00:00\" \/>\n<meta property=\"og:image\" content=\"http:\/\/kreapaedie.de\/wordpress\/wp-content\/uploads\/2012\/11\/Musikinstrumente-Dscheng-sw-225x300.jpg\" \/>\n<meta name=\"twitter:label1\" content=\"Gesch\u00e4tzte Lesezeit\" \/>\n\t<meta name=\"twitter:data1\" content=\"1\u00a0Minute\" \/>\n<script type=\"application\/ld+json\" class=\"yoast-schema-graph\">{\"@context\":\"https:\/\/schema.org\",\"@graph\":[{\"@type\":\"WebSite\",\"@id\":\"http:\/\/kreapaedie.de\/wordpress\/#website\",\"url\":\"http:\/\/kreapaedie.de\/wordpress\/\",\"name\":\"Kreap\u00e4die Akademie\",\"description\":\"Burnout Pr\u00e4vention &amp; Prophylaxe durch psychohygienische Pr\u00e4vention in K\u00f6ln\",\"potentialAction\":[{\"@type\":\"SearchAction\",\"target\":{\"@type\":\"EntryPoint\",\"urlTemplate\":\"http:\/\/kreapaedie.de\/wordpress\/?s={search_term_string}\"},\"query-input\":\"required name=search_term_string\"}],\"inLanguage\":\"de\"},{\"@type\":\"ImageObject\",\"inLanguage\":\"de\",\"@id\":\"http:\/\/kreapaedie.de\/wordpress\/musikalische-improvisation\/#primaryimage\",\"url\":\"http:\/\/kreapaedie.de\/wordpress\/wp-content\/uploads\/2012\/11\/Musikinstrumente-Dscheng-sw.jpg\",\"contentUrl\":\"http:\/\/kreapaedie.de\/wordpress\/wp-content\/uploads\/2012\/11\/Musikinstrumente-Dscheng-sw.jpg\",\"width\":576,\"height\":768},{\"@type\":\"WebPage\",\"@id\":\"http:\/\/kreapaedie.de\/wordpress\/musikalische-improvisation\/#webpage\",\"url\":\"http:\/\/kreapaedie.de\/wordpress\/musikalische-improvisation\/\",\"name\":\"Musikalische Improvisation - Mehr Selbstbewu\u00dftsein & Vitalit\u00e4t\",\"isPartOf\":{\"@id\":\"http:\/\/kreapaedie.de\/wordpress\/#website\"},\"primaryImageOfPage\":{\"@id\":\"http:\/\/kreapaedie.de\/wordpress\/musikalische-improvisation\/#primaryimage\"},\"datePublished\":\"2012-11-13T11:11:18+00:00\",\"dateModified\":\"2016-03-02T11:52:04+00:00\",\"description\":\"Musikalische Improvisation f\u00f6rdert nicht nur die Wahrnehmung von Emotion & K\u00f6rpergef\u00fchl, sondern auch den spontanen Selbstausdruck und Intuition.\",\"breadcrumb\":{\"@id\":\"http:\/\/kreapaedie.de\/wordpress\/musikalische-improvisation\/#breadcrumb\"},\"inLanguage\":\"de\",\"potentialAction\":[{\"@type\":\"ReadAction\",\"target\":[\"http:\/\/kreapaedie.de\/wordpress\/musikalische-improvisation\/\"]}]},{\"@type\":\"BreadcrumbList\",\"@id\":\"http:\/\/kreapaedie.de\/wordpress\/musikalische-improvisation\/#breadcrumb\",\"itemListElement\":[{\"@type\":\"ListItem\",\"position\":1,\"name\":\"Home\",\"item\":\"http:\/\/kreapaedie.de\/wordpress\/\"},{\"@type\":\"ListItem\",\"position\":2,\"name\":\"Musikalische Improvisation\"}]}]}<\/script>\n<!-- \/ Yoast SEO plugin. -->","yoast_head_json":{"title":"Musikalische Improvisation - Mehr Selbstbewu\u00dftsein & Vitalit\u00e4t","description":"Musikalische Improvisation f\u00f6rdert nicht nur die Wahrnehmung von Emotion & K\u00f6rpergef\u00fchl, sondern auch den spontanen Selbstausdruck und Intuition.","robots":{"index":"index","follow":"follow","max-snippet":"max-snippet:-1","max-image-preview":"max-image-preview:large","max-video-preview":"max-video-preview:-1"},"canonical":"http:\/\/kreapaedie.de\/wordpress\/musikalische-improvisation\/","og_locale":"de_DE","og_type":"article","og_title":"Musikalische Improvisation - Mehr Selbstbewu\u00dftsein & Vitalit\u00e4t","og_description":"Musikalische Improvisation f\u00f6rdert nicht nur die Wahrnehmung von Emotion & K\u00f6rpergef\u00fchl, sondern auch den spontanen Selbstausdruck und Intuition.","og_url":"http:\/\/kreapaedie.de\/wordpress\/musikalische-improvisation\/","og_site_name":"Kreap\u00e4die Akademie","article_modified_time":"2016-03-02T11:52:04+00:00","og_image":[{"url":"http:\/\/kreapaedie.de\/wordpress\/wp-content\/uploads\/2012\/11\/Musikinstrumente-Dscheng-sw-225x300.jpg"}],"twitter_misc":{"Gesch\u00e4tzte Lesezeit":"1\u00a0Minute"},"schema":{"@context":"https:\/\/schema.org","@graph":[{"@type":"WebSite","@id":"http:\/\/kreapaedie.de\/wordpress\/#website","url":"http:\/\/kreapaedie.de\/wordpress\/","name":"Kreap\u00e4die Akademie","description":"Burnout Pr\u00e4vention &amp; Prophylaxe durch psychohygienische Pr\u00e4vention in K\u00f6ln","potentialAction":[{"@type":"SearchAction","target":{"@type":"EntryPoint","urlTemplate":"http:\/\/kreapaedie.de\/wordpress\/?s={search_term_string}"},"query-input":"required name=search_term_string"}],"inLanguage":"de"},{"@type":"ImageObject","inLanguage":"de","@id":"http:\/\/kreapaedie.de\/wordpress\/musikalische-improvisation\/#primaryimage","url":"http:\/\/kreapaedie.de\/wordpress\/wp-content\/uploads\/2012\/11\/Musikinstrumente-Dscheng-sw.jpg","contentUrl":"http:\/\/kreapaedie.de\/wordpress\/wp-content\/uploads\/2012\/11\/Musikinstrumente-Dscheng-sw.jpg","width":576,"height":768},{"@type":"WebPage","@id":"http:\/\/kreapaedie.de\/wordpress\/musikalische-improvisation\/#webpage","url":"http:\/\/kreapaedie.de\/wordpress\/musikalische-improvisation\/","name":"Musikalische Improvisation - Mehr Selbstbewu\u00dftsein & Vitalit\u00e4t","isPartOf":{"@id":"http:\/\/kreapaedie.de\/wordpress\/#website"},"primaryImageOfPage":{"@id":"http:\/\/kreapaedie.de\/wordpress\/musikalische-improvisation\/#primaryimage"},"datePublished":"2012-11-13T11:11:18+00:00","dateModified":"2016-03-02T11:52:04+00:00","description":"Musikalische Improvisation f\u00f6rdert nicht nur die Wahrnehmung von Emotion & K\u00f6rpergef\u00fchl, sondern auch den spontanen Selbstausdruck und Intuition.","breadcrumb":{"@id":"http:\/\/kreapaedie.de\/wordpress\/musikalische-improvisation\/#breadcrumb"},"inLanguage":"de","potentialAction":[{"@type":"ReadAction","target":["http:\/\/kreapaedie.de\/wordpress\/musikalische-improvisation\/"]}]},{"@type":"BreadcrumbList","@id":"http:\/\/kreapaedie.de\/wordpress\/musikalische-improvisation\/#breadcrumb","itemListElement":[{"@type":"ListItem","position":1,"name":"Home","item":"http:\/\/kreapaedie.de\/wordpress\/"},{"@type":"ListItem","position":2,"name":"Musikalische Improvisation"}]}]}},"_links":{"self":[{"href":"http:\/\/kreapaedie.de\/wordpress\/wp-json\/wp\/v2\/pages\/54","targetHints":{"allow":["GET"]}}],"collection":[{"href":"http:\/\/kreapaedie.de\/wordpress\/wp-json\/wp\/v2\/pages"}],"about":[{"href":"http:\/\/kreapaedie.de\/wordpress\/wp-json\/wp\/v2\/types\/page"}],"author":[{"embeddable":true,"href":"http:\/\/kreapaedie.de\/wordpress\/wp-json\/wp\/v2\/users\/1"}],"replies":[{"embeddable":true,"href":"http:\/\/kreapaedie.de\/wordpress\/wp-json\/wp\/v2\/comments?post=54"}],"version-history":[{"count":17,"href":"http:\/\/kreapaedie.de\/wordpress\/wp-json\/wp\/v2\/pages\/54\/revisions"}],"predecessor-version":[{"id":440,"href":"http:\/\/kreapaedie.de\/wordpress\/wp-json\/wp\/v2\/pages\/54\/revisions\/440"}],"wp:attachment":[{"href":"http:\/\/kreapaedie.de\/wordpress\/wp-json\/wp\/v2\/media?parent=54"}],"curies":[{"name":"wp","href":"https:\/\/api.w.org\/{rel}","templated":true}]}}