{"id":49,"date":"2012-11-13T12:08:25","date_gmt":"2012-11-13T11:08:25","guid":{"rendered":"http:\/\/kreapaedie.de\/wordpress\/?page_id=49"},"modified":"2016-03-02T12:47:13","modified_gmt":"2016-03-02T11:47:13","slug":"salutogenese","status":"publish","type":"page","link":"http:\/\/kreapaedie.de\/wordpress\/burnout-praevention\/salutogenese\/","title":{"rendered":"Salutogenese"},"content":{"rendered":"<p><span style=\"font-size: 12px;\"><a href=\"http:\/\/kreapaedie.de\/wordpress\/wp-content\/uploads\/2012\/11\/Litofon-sw.jpg\"><img loading=\"lazy\" decoding=\"async\" class=\"alignleft wp-image-410 size-medium\" title=\"salutogenese\" src=\"http:\/\/kreapaedie.de\/wordpress\/wp-content\/uploads\/2012\/11\/Litofon-sw-225x300.jpg\" alt=\"\" width=\"225\" height=\"300\" srcset=\"http:\/\/kreapaedie.de\/wordpress\/wp-content\/uploads\/2012\/11\/Litofon-sw-225x300.jpg 225w, http:\/\/kreapaedie.de\/wordpress\/wp-content\/uploads\/2012\/11\/Litofon-sw.jpg 576w\" sizes=\"auto, (max-width: 225px) 100vw, 225px\" \/><\/a><\/span><span style=\"font-size: 12px;\">Das lateinische Wort <em>Salutogenese<\/em> bezieht sich auf ganzheitliche leib-seelische Zusammenh\u00e4nge und beinhaltet aktive Gesundheitsbildung im Sinne von Psychopr\u00e4vention zum Unterschied von Therapie als Instrument zur Beseitigung von eingetretenen gesundheitlichen St\u00f6rungen.<\/span> <span style=\"font-size: 12px;\">Dieses alternative Konzept zur Gesundheitspflege ver\u00f6ffentlichte der Medizinsoziologe Aaron Antonovsky 1996 nach langj\u00e4hrigen Untersuchungen an biographisch schwer belasteten Menschen. \u00dcberraschenderweise\u00a0stellte er fest, dass diese mehrheitlich nicht besonders schwer krank waren.<\/span>\u00a0<span style=\"font-size: 12px;\">Gefundene Schutzfaktoren<\/span><span style=\"font-size: 12px;\">\u00a0fasste er im\u00a0Begriff Koh\u00e4renzgef\u00fchl (KG)zusammen\u00a0.<\/span><\/p>\n<p><span style=\"font-size: 12px;\"><em><strong>Ein starkes Koh\u00e4renzgef\u00fchl beinhaltet ein gleichzeitig dynamisches und vertrauensvolles Grundgef\u00fchl, dass im Lebenslauf auftauchende Probleme versteh- und bew\u00e4ltigbar sind und\u00a0eine das Engagement lohnende Herausforderung darstellen.<\/strong> <\/em><\/span><\/p>\n<p><span style=\"font-size: 12px;\">Das KG ist ein haupts\u00e4chlich psychologisch zu verstehender Komplex, der anzeigt, wie belastbar ein Stress ausgesetzter Mensch sein wird, ohne schwerwiegende dauerhafte Einbr\u00fcche seines Lebensgrundgef\u00fchls zu erleiden. Es bedeutet keineswegs, permanent\u00a0gesund zu bleiben, sondern \u00fcber generelle Widerstandsressourcen zu verf\u00fcgen, die jedwede Belastung zu verarbeiten helfen.<\/span> <span style=\"font-size: 12px;\">Drei miteinander vernetzte Komponenten des KG sind zu unterscheiden:<\/span><\/p>\n<ul>\n<li><span style=\"font-size: 12px;\"><strong>Verstehbarkeit (V)<\/strong> als kognitive Dimension (Kontrolle)<\/span><\/li>\n<li><span style=\"font-size: 12px;\"><strong>Handhabbarkeit (H)<\/strong> als Verhaltensdimension (Selbstwertgef\u00fchl \u2013 Identit\u00e4t)<\/span><\/li>\n<li><span style=\"font-size: 12px;\"><strong>Bedeutsamkeit (B)<\/strong> als emotionale Dimension (Selbstwirksamkeit-Motivation-Sinn)<\/span><\/li>\n<\/ul>\n<p><span style=\"font-size: 12px;\">Als zentral\u00a0hierbei gilt\u00a0der Faktor der Bedeutsamkeit, der f\u00fcr kreatives Selbstgestaltungspotential und den Umgang mit Stress eine wesentliche Rolle spielt. Systemische Aufstellungen unterst\u00fctzen die Entwicklung aller drei Komponenten in besonderer Weise.\u00a0<\/span><\/p>\n<p><a href=\"http:\/\/kreapaedie.de\/wordpress\/musikalische-improvisation\/\"><span style=\"font-size: 12px;\">Improvisation \u00a0 \u00a0 \u00a0 \u00a0 \u00a0 \u00a0 \u00a0 \u00a0 \u00a0 \u00a0 \u00a0 \u00a0 \u00a0 \u00a0 \u00a0 \u00a0 \u00a0 \u00a0 \u00a0 \u00a0 \u00a0 \u00a0 \u00a0 \u00a0 \u00a0 \u00a0 \u00a0 \u00a0 \u00a0 \u00a0 \u00a0 \u00a0 \u00a0 \u00a0 \u00a0 \u00a0 \u00a0 \u00a0 \u00a0<\/span><\/a><span style=\"font-size: 12px;\">\u00a0\u00a0\u00a0\u00a0\u00a0\u00a0\u00a0\u00a0\u00a0\u00a0\u00a0\u00a0\u00a0\u00a0\u00a0\u00a0\u00a0\u00a0\u00a0\u00a0\u00a0\u00a0\u00a0\u00a0\u00a0\u00a0\u00a0\u00a0\u00a0\u00a0 \u00a0 \u00a0 \u00a0 \u00a0 \u00a0 \u00a0 \u00a0 \u00a0 \u00a0 \u00a0\u00a0\u00a0\u00a0\u00a0\u00a0\u00a0\u00a0\u00a0\u00a0\u00a0\u00a0\u00a0\u00a0\u00a0 \u00a0 \u00a0 \u00a0\u00a0 \u00a0 \u00a0 \u00a0 \u00a0\u00a0 <a href=\"http:\/\/kreapaedie.de\/wordpress\/Burnout-Praevention\/\">Burnout-Pr\u00e4vention<\/a><\/span><\/p>\n<!-- AddThis Advanced Settings generic via filter on the_content -->","protected":false},"excerpt":{"rendered":"<p>Das lateinische Wort Salutogenese bezieht sich auf ganzheitliche leib-seelische Zusammenh\u00e4nge und beinhaltet aktive Gesundheitsbildung im Sinne von Psychopr\u00e4vention zum Unterschied von Therapie als Instrument zur Beseitigung von eingetretenen gesundheitlichen St\u00f6rungen. Dieses alternative Konzept zur Gesundheitspflege ver\u00f6ffentlichte der Medizinsoziologe Aaron Antonovsky &hellip; <a class=\"more-link\" href=\"http:\/\/kreapaedie.de\/wordpress\/burnout-praevention\/salutogenese\/\">Weiterlesen <span class=\"meta-nav\">&rarr;<\/span><\/a><!-- AddThis Advanced Settings generic via filter on get_the_excerpt --><\/p>\n","protected":false},"author":1,"featured_media":0,"parent":60,"menu_order":0,"comment_status":"closed","ping_status":"closed","template":"","meta":{"footnotes":""},"class_list":["post-49","page","type-page","status-publish","hentry","keywords-ausgebrannt-fuehlen","keywords-burnout","keywords-burnout-praevention","keywords-burnout-prophylaxe","keywords-psychische-stoerung","keywords-salutogenese","keywords-selbsterfahrung","keywords-selbstfuersorge","keywords-selbstschutz","keywords-selbstwahrnehmung","keywords-soziales-lernen"],"yoast_head":"<!-- This site is optimized with the Yoast SEO plugin v18.8 - https:\/\/yoast.com\/wordpress\/plugins\/seo\/ -->\n<title>Salutogenese<\/title>\n<meta name=\"description\" content=\"Salutogenese bezieht sich auf ganzheitliche leib-seelische Zusammenh\u00e4nge und beinhaltet aktive Gesundheitsbildung im Sinne von Psychopr\u00e4vention zum Unterschied von Therapie als Instrument zur Beseitigung von eingetretenen gesundheitlichen St\u00f6rungen.\" \/>\n<meta name=\"robots\" content=\"index, follow, max-snippet:-1, max-image-preview:large, max-video-preview:-1\" \/>\n<link rel=\"canonical\" href=\"http:\/\/kreapaedie.de\/wordpress\/burnout-praevention\/salutogenese\/\" \/>\n<meta property=\"og:locale\" content=\"de_DE\" \/>\n<meta property=\"og:type\" content=\"article\" \/>\n<meta property=\"og:title\" content=\"Salutogenese\" \/>\n<meta property=\"og:description\" content=\"Salutogenese bezieht sich auf ganzheitliche leib-seelische Zusammenh\u00e4nge und beinhaltet aktive Gesundheitsbildung im Sinne von Psychopr\u00e4vention zum Unterschied von Therapie als Instrument zur Beseitigung von eingetretenen gesundheitlichen St\u00f6rungen.\" \/>\n<meta property=\"og:url\" content=\"http:\/\/kreapaedie.de\/wordpress\/burnout-praevention\/salutogenese\/\" \/>\n<meta property=\"og:site_name\" content=\"Kreap\u00e4die Akademie\" \/>\n<meta property=\"article:modified_time\" content=\"2016-03-02T11:47:13+00:00\" \/>\n<meta property=\"og:image\" content=\"http:\/\/kreapaedie.de\/wordpress\/wp-content\/uploads\/2012\/11\/Litofon-sw-225x300.jpg\" \/>\n<meta name=\"twitter:label1\" content=\"Gesch\u00e4tzte Lesezeit\" \/>\n\t<meta name=\"twitter:data1\" content=\"1\u00a0Minute\" \/>\n<script type=\"application\/ld+json\" class=\"yoast-schema-graph\">{\"@context\":\"https:\/\/schema.org\",\"@graph\":[{\"@type\":\"WebSite\",\"@id\":\"http:\/\/kreapaedie.de\/wordpress\/#website\",\"url\":\"http:\/\/kreapaedie.de\/wordpress\/\",\"name\":\"Kreap\u00e4die Akademie\",\"description\":\"Burnout Pr\u00e4vention &amp; Prophylaxe durch psychohygienische Pr\u00e4vention in K\u00f6ln\",\"potentialAction\":[{\"@type\":\"SearchAction\",\"target\":{\"@type\":\"EntryPoint\",\"urlTemplate\":\"http:\/\/kreapaedie.de\/wordpress\/?s={search_term_string}\"},\"query-input\":\"required name=search_term_string\"}],\"inLanguage\":\"de\"},{\"@type\":\"ImageObject\",\"inLanguage\":\"de\",\"@id\":\"http:\/\/kreapaedie.de\/wordpress\/burnout-praevention\/salutogenese\/#primaryimage\",\"url\":\"http:\/\/kreapaedie.de\/wordpress\/wp-content\/uploads\/2012\/11\/Litofon-sw.jpg\",\"contentUrl\":\"http:\/\/kreapaedie.de\/wordpress\/wp-content\/uploads\/2012\/11\/Litofon-sw.jpg\",\"width\":576,\"height\":768},{\"@type\":\"WebPage\",\"@id\":\"http:\/\/kreapaedie.de\/wordpress\/burnout-praevention\/salutogenese\/#webpage\",\"url\":\"http:\/\/kreapaedie.de\/wordpress\/burnout-praevention\/salutogenese\/\",\"name\":\"Salutogenese\",\"isPartOf\":{\"@id\":\"http:\/\/kreapaedie.de\/wordpress\/#website\"},\"primaryImageOfPage\":{\"@id\":\"http:\/\/kreapaedie.de\/wordpress\/burnout-praevention\/salutogenese\/#primaryimage\"},\"datePublished\":\"2012-11-13T11:08:25+00:00\",\"dateModified\":\"2016-03-02T11:47:13+00:00\",\"description\":\"Salutogenese bezieht sich auf ganzheitliche leib-seelische Zusammenh\u00e4nge und beinhaltet aktive Gesundheitsbildung im Sinne von Psychopr\u00e4vention zum Unterschied von Therapie als Instrument zur Beseitigung von eingetretenen gesundheitlichen St\u00f6rungen.\",\"breadcrumb\":{\"@id\":\"http:\/\/kreapaedie.de\/wordpress\/burnout-praevention\/salutogenese\/#breadcrumb\"},\"inLanguage\":\"de\",\"potentialAction\":[{\"@type\":\"ReadAction\",\"target\":[\"http:\/\/kreapaedie.de\/wordpress\/burnout-praevention\/salutogenese\/\"]}]},{\"@type\":\"BreadcrumbList\",\"@id\":\"http:\/\/kreapaedie.de\/wordpress\/burnout-praevention\/salutogenese\/#breadcrumb\",\"itemListElement\":[{\"@type\":\"ListItem\",\"position\":1,\"name\":\"Home\",\"item\":\"http:\/\/kreapaedie.de\/wordpress\/\"},{\"@type\":\"ListItem\",\"position\":2,\"name\":\"\",\"item\":\"http:\/\/kreapaedie.de\/wordpress\/burnout-praevention\/\"},{\"@type\":\"ListItem\",\"position\":3,\"name\":\"Salutogenese\"}]}]}<\/script>\n<!-- \/ Yoast SEO plugin. -->","yoast_head_json":{"title":"Salutogenese","description":"Salutogenese bezieht sich auf ganzheitliche leib-seelische Zusammenh\u00e4nge und beinhaltet aktive Gesundheitsbildung im Sinne von Psychopr\u00e4vention zum Unterschied von Therapie als Instrument zur Beseitigung von eingetretenen gesundheitlichen St\u00f6rungen.","robots":{"index":"index","follow":"follow","max-snippet":"max-snippet:-1","max-image-preview":"max-image-preview:large","max-video-preview":"max-video-preview:-1"},"canonical":"http:\/\/kreapaedie.de\/wordpress\/burnout-praevention\/salutogenese\/","og_locale":"de_DE","og_type":"article","og_title":"Salutogenese","og_description":"Salutogenese bezieht sich auf ganzheitliche leib-seelische Zusammenh\u00e4nge und beinhaltet aktive Gesundheitsbildung im Sinne von Psychopr\u00e4vention zum Unterschied von Therapie als Instrument zur Beseitigung von eingetretenen gesundheitlichen St\u00f6rungen.","og_url":"http:\/\/kreapaedie.de\/wordpress\/burnout-praevention\/salutogenese\/","og_site_name":"Kreap\u00e4die Akademie","article_modified_time":"2016-03-02T11:47:13+00:00","og_image":[{"url":"http:\/\/kreapaedie.de\/wordpress\/wp-content\/uploads\/2012\/11\/Litofon-sw-225x300.jpg"}],"twitter_misc":{"Gesch\u00e4tzte Lesezeit":"1\u00a0Minute"},"schema":{"@context":"https:\/\/schema.org","@graph":[{"@type":"WebSite","@id":"http:\/\/kreapaedie.de\/wordpress\/#website","url":"http:\/\/kreapaedie.de\/wordpress\/","name":"Kreap\u00e4die Akademie","description":"Burnout Pr\u00e4vention &amp; Prophylaxe durch psychohygienische Pr\u00e4vention in K\u00f6ln","potentialAction":[{"@type":"SearchAction","target":{"@type":"EntryPoint","urlTemplate":"http:\/\/kreapaedie.de\/wordpress\/?s={search_term_string}"},"query-input":"required name=search_term_string"}],"inLanguage":"de"},{"@type":"ImageObject","inLanguage":"de","@id":"http:\/\/kreapaedie.de\/wordpress\/burnout-praevention\/salutogenese\/#primaryimage","url":"http:\/\/kreapaedie.de\/wordpress\/wp-content\/uploads\/2012\/11\/Litofon-sw.jpg","contentUrl":"http:\/\/kreapaedie.de\/wordpress\/wp-content\/uploads\/2012\/11\/Litofon-sw.jpg","width":576,"height":768},{"@type":"WebPage","@id":"http:\/\/kreapaedie.de\/wordpress\/burnout-praevention\/salutogenese\/#webpage","url":"http:\/\/kreapaedie.de\/wordpress\/burnout-praevention\/salutogenese\/","name":"Salutogenese","isPartOf":{"@id":"http:\/\/kreapaedie.de\/wordpress\/#website"},"primaryImageOfPage":{"@id":"http:\/\/kreapaedie.de\/wordpress\/burnout-praevention\/salutogenese\/#primaryimage"},"datePublished":"2012-11-13T11:08:25+00:00","dateModified":"2016-03-02T11:47:13+00:00","description":"Salutogenese bezieht sich auf ganzheitliche leib-seelische Zusammenh\u00e4nge und beinhaltet aktive Gesundheitsbildung im Sinne von Psychopr\u00e4vention zum Unterschied von Therapie als Instrument zur Beseitigung von eingetretenen gesundheitlichen St\u00f6rungen.","breadcrumb":{"@id":"http:\/\/kreapaedie.de\/wordpress\/burnout-praevention\/salutogenese\/#breadcrumb"},"inLanguage":"de","potentialAction":[{"@type":"ReadAction","target":["http:\/\/kreapaedie.de\/wordpress\/burnout-praevention\/salutogenese\/"]}]},{"@type":"BreadcrumbList","@id":"http:\/\/kreapaedie.de\/wordpress\/burnout-praevention\/salutogenese\/#breadcrumb","itemListElement":[{"@type":"ListItem","position":1,"name":"Home","item":"http:\/\/kreapaedie.de\/wordpress\/"},{"@type":"ListItem","position":2,"name":"","item":"http:\/\/kreapaedie.de\/wordpress\/burnout-praevention\/"},{"@type":"ListItem","position":3,"name":"Salutogenese"}]}]}},"_links":{"self":[{"href":"http:\/\/kreapaedie.de\/wordpress\/wp-json\/wp\/v2\/pages\/49","targetHints":{"allow":["GET"]}}],"collection":[{"href":"http:\/\/kreapaedie.de\/wordpress\/wp-json\/wp\/v2\/pages"}],"about":[{"href":"http:\/\/kreapaedie.de\/wordpress\/wp-json\/wp\/v2\/types\/page"}],"author":[{"embeddable":true,"href":"http:\/\/kreapaedie.de\/wordpress\/wp-json\/wp\/v2\/users\/1"}],"replies":[{"embeddable":true,"href":"http:\/\/kreapaedie.de\/wordpress\/wp-json\/wp\/v2\/comments?post=49"}],"version-history":[{"count":31,"href":"http:\/\/kreapaedie.de\/wordpress\/wp-json\/wp\/v2\/pages\/49\/revisions"}],"predecessor-version":[{"id":437,"href":"http:\/\/kreapaedie.de\/wordpress\/wp-json\/wp\/v2\/pages\/49\/revisions\/437"}],"up":[{"embeddable":true,"href":"http:\/\/kreapaedie.de\/wordpress\/wp-json\/wp\/v2\/pages\/60"}],"wp:attachment":[{"href":"http:\/\/kreapaedie.de\/wordpress\/wp-json\/wp\/v2\/media?parent=49"}],"curies":[{"name":"wp","href":"https:\/\/api.w.org\/{rel}","templated":true}]}}