{"id":44,"date":"2012-11-13T11:58:28","date_gmt":"2012-11-13T10:58:28","guid":{"rendered":"http:\/\/kreapaedie.de\/wordpress\/?page_id=44"},"modified":"2022-08-07T14:30:18","modified_gmt":"2022-08-07T13:30:18","slug":"kompetenzen","status":"publish","type":"page","link":"http:\/\/kreapaedie.de\/wordpress\/kompetenzen\/","title":{"rendered":"Kompetenzen"},"content":{"rendered":"<p><a href=\"http:\/\/kreapaedie.de\/wordpress\/wp-content\/uploads\/2012\/11\/Brigitte-Halewitsch-B.jpg\"><img loading=\"lazy\" decoding=\"async\" class=\"alignleft size-thumbnail wp-image-489\" src=\"http:\/\/kreapaedie.de\/wordpress\/wp-content\/uploads\/2012\/11\/Brigitte-Halewitsch-B-150x150.jpg\" alt=\"Brigitte Halewitsch B\" width=\"150\" height=\"150\" \/><\/a><\/p>\n<p><strong>Leitung:\u00a0<a href=\"http:\/\/www.brhalewitsch.de\/\">Dr.med. Brigitte Halewitsch<\/a><\/strong><\/p>\n<ul>\n<li>Geboren 1940 in M\u00e4hrisch-Ostrau, CSR, aufgewachsen in Hessen\/ BRD &#8211; eine Tochter, ein Enkel<\/li>\n<li>Medizinstudium (F\u00f6rderung durch Dt. Studienstiftung)<\/li>\n<li>Studium der Nervenheilkunde, Promotion<\/li>\n<li>Psychoanalytische Ausbildung Institut f\u00fcr Psychotherapie West-Berlin (Lehranalyse nach C.G.Jung)<\/li>\n<li>Fach\u00e4rztin f\u00fcr Psychotherapeutische und Psychosomatische Medizin<\/li>\n<li>Anerkannte Systemaufstellerin der Dt. Gesellschaft f\u00fcr Systemaufstellungen\u00a0DGfS und internationalen Gesellschaft ISCA<\/li>\n<li>30 Jahre ambulante\u00a0Praxis als \u00e4rztliche Psychotherapeutin<\/li>\n<li>Balintgruppen-Leitung\u00a0&#8211; Organisation von Balinttagungen\u00a0( Prof. Dr. med. Stucke &#8211;\u00a0DBG)<\/li>\n<li>Kreativtherapeutische Weiterbildung in Gestalt (FPI)<\/li>\n<li>Rhythmusarbeit (R. Flatischler )<\/li>\n<li>Musiktherapeutische Ausbildung(Ch. Schwabe, Prof. H. Kapteina\/ Universit\u00e4t Siegen)<\/li>\n<li>Yogalehrer-Ausbildung (GGF Ddf. bei Dr.Gharote)<\/li>\n<li>Ausbildung in traditioneller Indischer Medizin\u00a0( Europ.Ayurveda Akademie Birstein bei Prof. Dr. Gupta)<\/li>\n<li>Publikationen zu Selbsterfahrung, Salutogenese, Kreativit\u00e4t, nonverbale Kommunikation<\/li>\n<li>K\u00fcnstlerische Aktivit\u00e4ten und literarische Ver\u00f6ffentlichungen<\/li>\n<li>Mitglied Bundesverband Deutscher Schriftsteller\u00e4rzte BDS\u00c4<\/li>\n<\/ul>\n<p><em>Hier gelangen Sie zu der Webseite\u00a0<a href=\"http:\/\/www.brhalewitsch.de\/\">www.brhalewitsch.de<\/a><\/em><\/p>\n<!-- AddThis Advanced Settings generic via filter on the_content -->","protected":false},"excerpt":{"rendered":"<p>Leitung:\u00a0Dr.med. Brigitte Halewitsch Geboren 1940 in M\u00e4hrisch-Ostrau, CSR, aufgewachsen in Hessen\/ BRD &#8211; eine Tochter, ein Enkel Medizinstudium (F\u00f6rderung durch Dt. Studienstiftung) Studium der Nervenheilkunde, Promotion Psychoanalytische Ausbildung Institut f\u00fcr Psychotherapie West-Berlin (Lehranalyse nach C.G.Jung) Fach\u00e4rztin f\u00fcr Psychotherapeutische und Psychosomatische &hellip; <a class=\"more-link\" href=\"http:\/\/kreapaedie.de\/wordpress\/kompetenzen\/\">Weiterlesen <span class=\"meta-nav\">&rarr;<\/span><\/a><!-- AddThis Advanced Settings generic via filter on get_the_excerpt --><\/p>\n","protected":false},"author":1,"featured_media":0,"parent":0,"menu_order":0,"comment_status":"closed","ping_status":"open","template":"","meta":{"footnotes":""},"class_list":["post-44","page","type-page","status-publish","hentry","keywords-balintgruppen-leitung","keywords-dr-brigitte-halewitsch","keywords-fachaerztin-psychotherapeutische-und-psychosomatische-medizin","keywords-kreativitaet","keywords-kreativtherapie","keywords-musiktherapie","keywords-psychotherapie","keywords-salutogenese","keywords-systemtherapie"],"yoast_head":"<!-- This site is optimized with the Yoast SEO plugin v18.8 - https:\/\/yoast.com\/wordpress\/plugins\/seo\/ -->\n<title>Kompetenzen von Frau Dr. med. Brigitte Halewitsch - Kreap\u00e4die Akademie<\/title>\n<meta name=\"description\" content=\"Zusammenfassung der Qualifizierungen und Kompetenzen von Frau Dr. med. Brigitte Halewitsch, Leiterin der Kreapaedie Akademie in K\u00f6ln.\" \/>\n<meta name=\"robots\" content=\"index, follow, max-snippet:-1, max-image-preview:large, max-video-preview:-1\" \/>\n<link rel=\"canonical\" href=\"http:\/\/kreapaedie.de\/wordpress\/kompetenzen\/\" \/>\n<meta property=\"og:locale\" content=\"de_DE\" \/>\n<meta property=\"og:type\" content=\"article\" \/>\n<meta property=\"og:title\" content=\"Kompetenzen von Frau Dr. med. Brigitte Halewitsch - Kreap\u00e4die Akademie\" \/>\n<meta property=\"og:description\" content=\"Zusammenfassung der Qualifizierungen und Kompetenzen von Frau Dr. med. Brigitte Halewitsch, Leiterin der Kreapaedie Akademie in K\u00f6ln.\" \/>\n<meta property=\"og:url\" content=\"http:\/\/kreapaedie.de\/wordpress\/kompetenzen\/\" \/>\n<meta property=\"og:site_name\" content=\"Kreap\u00e4die Akademie\" \/>\n<meta property=\"article:modified_time\" content=\"2022-08-07T13:30:18+00:00\" \/>\n<meta property=\"og:image\" content=\"http:\/\/kreapaedie.de\/wordpress\/wp-content\/uploads\/2012\/11\/Brigitte-Halewitsch-B-150x150.jpg\" \/>\n<meta name=\"twitter:label1\" content=\"Gesch\u00e4tzte Lesezeit\" \/>\n\t<meta name=\"twitter:data1\" content=\"1\u00a0Minute\" \/>\n<script type=\"application\/ld+json\" class=\"yoast-schema-graph\">{\"@context\":\"https:\/\/schema.org\",\"@graph\":[{\"@type\":\"WebSite\",\"@id\":\"http:\/\/kreapaedie.de\/wordpress\/#website\",\"url\":\"http:\/\/kreapaedie.de\/wordpress\/\",\"name\":\"Kreap\u00e4die Akademie\",\"description\":\"Burnout Pr\u00e4vention &amp; Prophylaxe durch psychohygienische Pr\u00e4vention in K\u00f6ln\",\"potentialAction\":[{\"@type\":\"SearchAction\",\"target\":{\"@type\":\"EntryPoint\",\"urlTemplate\":\"http:\/\/kreapaedie.de\/wordpress\/?s={search_term_string}\"},\"query-input\":\"required name=search_term_string\"}],\"inLanguage\":\"de\"},{\"@type\":\"ImageObject\",\"inLanguage\":\"de\",\"@id\":\"http:\/\/kreapaedie.de\/wordpress\/kompetenzen\/#primaryimage\",\"url\":\"http:\/\/kreapaedie.de\/wordpress\/wp-content\/uploads\/2012\/11\/Brigitte-Halewitsch-B.jpg\",\"contentUrl\":\"http:\/\/kreapaedie.de\/wordpress\/wp-content\/uploads\/2012\/11\/Brigitte-Halewitsch-B.jpg\",\"width\":591,\"height\":709},{\"@type\":\"WebPage\",\"@id\":\"http:\/\/kreapaedie.de\/wordpress\/kompetenzen\/#webpage\",\"url\":\"http:\/\/kreapaedie.de\/wordpress\/kompetenzen\/\",\"name\":\"Kompetenzen von Frau Dr. med. Brigitte Halewitsch - Kreap\u00e4die Akademie\",\"isPartOf\":{\"@id\":\"http:\/\/kreapaedie.de\/wordpress\/#website\"},\"primaryImageOfPage\":{\"@id\":\"http:\/\/kreapaedie.de\/wordpress\/kompetenzen\/#primaryimage\"},\"datePublished\":\"2012-11-13T10:58:28+00:00\",\"dateModified\":\"2022-08-07T13:30:18+00:00\",\"description\":\"Zusammenfassung der Qualifizierungen und Kompetenzen von Frau Dr. med. Brigitte Halewitsch, Leiterin der Kreapaedie Akademie in K\u00f6ln.\",\"breadcrumb\":{\"@id\":\"http:\/\/kreapaedie.de\/wordpress\/kompetenzen\/#breadcrumb\"},\"inLanguage\":\"de\",\"potentialAction\":[{\"@type\":\"ReadAction\",\"target\":[\"http:\/\/kreapaedie.de\/wordpress\/kompetenzen\/\"]}]},{\"@type\":\"BreadcrumbList\",\"@id\":\"http:\/\/kreapaedie.de\/wordpress\/kompetenzen\/#breadcrumb\",\"itemListElement\":[{\"@type\":\"ListItem\",\"position\":1,\"name\":\"Home\",\"item\":\"http:\/\/kreapaedie.de\/wordpress\/\"},{\"@type\":\"ListItem\",\"position\":2,\"name\":\"Kompetenzen\"}]}]}<\/script>\n<!-- \/ Yoast SEO plugin. -->","yoast_head_json":{"title":"Kompetenzen von Frau Dr. med. Brigitte Halewitsch - Kreap\u00e4die Akademie","description":"Zusammenfassung der Qualifizierungen und Kompetenzen von Frau Dr. med. Brigitte Halewitsch, Leiterin der Kreapaedie Akademie in K\u00f6ln.","robots":{"index":"index","follow":"follow","max-snippet":"max-snippet:-1","max-image-preview":"max-image-preview:large","max-video-preview":"max-video-preview:-1"},"canonical":"http:\/\/kreapaedie.de\/wordpress\/kompetenzen\/","og_locale":"de_DE","og_type":"article","og_title":"Kompetenzen von Frau Dr. med. Brigitte Halewitsch - Kreap\u00e4die Akademie","og_description":"Zusammenfassung der Qualifizierungen und Kompetenzen von Frau Dr. med. Brigitte Halewitsch, Leiterin der Kreapaedie Akademie in K\u00f6ln.","og_url":"http:\/\/kreapaedie.de\/wordpress\/kompetenzen\/","og_site_name":"Kreap\u00e4die Akademie","article_modified_time":"2022-08-07T13:30:18+00:00","og_image":[{"url":"http:\/\/kreapaedie.de\/wordpress\/wp-content\/uploads\/2012\/11\/Brigitte-Halewitsch-B-150x150.jpg"}],"twitter_misc":{"Gesch\u00e4tzte Lesezeit":"1\u00a0Minute"},"schema":{"@context":"https:\/\/schema.org","@graph":[{"@type":"WebSite","@id":"http:\/\/kreapaedie.de\/wordpress\/#website","url":"http:\/\/kreapaedie.de\/wordpress\/","name":"Kreap\u00e4die Akademie","description":"Burnout Pr\u00e4vention &amp; Prophylaxe durch psychohygienische Pr\u00e4vention in K\u00f6ln","potentialAction":[{"@type":"SearchAction","target":{"@type":"EntryPoint","urlTemplate":"http:\/\/kreapaedie.de\/wordpress\/?s={search_term_string}"},"query-input":"required name=search_term_string"}],"inLanguage":"de"},{"@type":"ImageObject","inLanguage":"de","@id":"http:\/\/kreapaedie.de\/wordpress\/kompetenzen\/#primaryimage","url":"http:\/\/kreapaedie.de\/wordpress\/wp-content\/uploads\/2012\/11\/Brigitte-Halewitsch-B.jpg","contentUrl":"http:\/\/kreapaedie.de\/wordpress\/wp-content\/uploads\/2012\/11\/Brigitte-Halewitsch-B.jpg","width":591,"height":709},{"@type":"WebPage","@id":"http:\/\/kreapaedie.de\/wordpress\/kompetenzen\/#webpage","url":"http:\/\/kreapaedie.de\/wordpress\/kompetenzen\/","name":"Kompetenzen von Frau Dr. med. Brigitte Halewitsch - Kreap\u00e4die Akademie","isPartOf":{"@id":"http:\/\/kreapaedie.de\/wordpress\/#website"},"primaryImageOfPage":{"@id":"http:\/\/kreapaedie.de\/wordpress\/kompetenzen\/#primaryimage"},"datePublished":"2012-11-13T10:58:28+00:00","dateModified":"2022-08-07T13:30:18+00:00","description":"Zusammenfassung der Qualifizierungen und Kompetenzen von Frau Dr. med. Brigitte Halewitsch, Leiterin der Kreapaedie Akademie in K\u00f6ln.","breadcrumb":{"@id":"http:\/\/kreapaedie.de\/wordpress\/kompetenzen\/#breadcrumb"},"inLanguage":"de","potentialAction":[{"@type":"ReadAction","target":["http:\/\/kreapaedie.de\/wordpress\/kompetenzen\/"]}]},{"@type":"BreadcrumbList","@id":"http:\/\/kreapaedie.de\/wordpress\/kompetenzen\/#breadcrumb","itemListElement":[{"@type":"ListItem","position":1,"name":"Home","item":"http:\/\/kreapaedie.de\/wordpress\/"},{"@type":"ListItem","position":2,"name":"Kompetenzen"}]}]}},"_links":{"self":[{"href":"http:\/\/kreapaedie.de\/wordpress\/wp-json\/wp\/v2\/pages\/44","targetHints":{"allow":["GET"]}}],"collection":[{"href":"http:\/\/kreapaedie.de\/wordpress\/wp-json\/wp\/v2\/pages"}],"about":[{"href":"http:\/\/kreapaedie.de\/wordpress\/wp-json\/wp\/v2\/types\/page"}],"author":[{"embeddable":true,"href":"http:\/\/kreapaedie.de\/wordpress\/wp-json\/wp\/v2\/users\/1"}],"replies":[{"embeddable":true,"href":"http:\/\/kreapaedie.de\/wordpress\/wp-json\/wp\/v2\/comments?post=44"}],"version-history":[{"count":31,"href":"http:\/\/kreapaedie.de\/wordpress\/wp-json\/wp\/v2\/pages\/44\/revisions"}],"predecessor-version":[{"id":505,"href":"http:\/\/kreapaedie.de\/wordpress\/wp-json\/wp\/v2\/pages\/44\/revisions\/505"}],"wp:attachment":[{"href":"http:\/\/kreapaedie.de\/wordpress\/wp-json\/wp\/v2\/media?parent=44"}],"curies":[{"name":"wp","href":"https:\/\/api.w.org\/{rel}","templated":true}]}}