{"id":41,"date":"2012-11-13T11:51:32","date_gmt":"2012-11-13T10:51:32","guid":{"rendered":"http:\/\/kreapaedie.de\/wordpress\/?page_id=41"},"modified":"2014-05-05T04:25:45","modified_gmt":"2014-05-05T03:25:45","slug":"literaturempfehlungen","status":"publish","type":"page","link":"http:\/\/kreapaedie.de\/wordpress\/literaturempfehlungen\/","title":{"rendered":"Literaturempfehlungen"},"content":{"rendered":"<div>\n<p><span style=\"font-size: 12px;\">Aaron Antonovsky<\/span><br \/>\n<span style=\"font-size: 12px;\"> <strong>Salutogenese \u2013 Zur Entmystifizierung der Gesundheit<\/strong><\/span><br \/>\n<span style=\"font-size: 12px;\"> Dgvt- Forum 36-1997<\/span><\/p>\n<p><span style=\"font-size: 12px;\">Michael Balint<\/span><br \/>\n<span style=\"font-size: 12px;\"> <strong>Der Arzt, sein Patient und die Krankheit<\/strong><\/span><br \/>\n<span style=\"font-size: 12px;\"> Klett-Cotta 1980<\/span><br \/>\n<strong><span style=\"font-size: 12px;\"> F\u00fcnf Minuten pro Patient \u2013 Eine Studie \u00fcber die Interaktionen in der \u00e4rztlichen Allgemeinpraxis<\/span><\/strong><br \/>\n<span style=\"font-size: 12px;\"> Suhrkamp Taschenbuch 1977<\/span><\/p>\n<p><span style=\"font-size: 12px;\">Joachim Bauer<\/span><br \/>\n<span style=\"font-size: 12px;\"> <strong>Warum ICH f\u00fchle, was DU f\u00fchlst \u2013 Intuitive Kommunikation und das Geheimnis der Spiegelneuronen<\/strong><\/span><br \/>\n<span style=\"font-size: 12px;\"> Hoffmann und Campe 2005<\/span><\/p>\n<p><span style=\"font-size: 12px;\">Wolfgang Bossinger \u2013 Raimund Eckle ( Hrsg)<\/span><br \/>\n<span style=\"font-size: 12px;\"> <strong>Schwingung und Gesundheit \u2013 Neue Impulse f\u00fcr eine Heilungskultur aus Wissenschaft, Musik und Kunst<\/strong><\/span><br \/>\n<span style=\"font-size: 12px;\"> Traumzeit-Verlag 2008<\/span><\/p>\n<p><span style=\"font-size: 12px;\">J\u00f6rg Fengler<\/span><br \/>\n<span style=\"font-size: 12px;\"> <strong>Helfen macht m\u00fcde \u2013 Zur Analyse und Bew\u00e4ltigung von Burnout und beruflicher Deformation <\/strong><\/span><br \/>\n<span style=\"font-size: 12px;\"> Pfeiffer b.Klett-Cotta \u2013leben lernen -77-2001<\/span><\/p>\n<p><span style=\"font-size: 12px;\">Erich Fromm<\/span><br \/>\n<span style=\"font-size: 12px;\"> <strong>Von der Kunst des Zuh\u00f6rens \u2013 therapeutische Aspekte der Psychoanalyse<\/strong><\/span><br \/>\n<span style=\"font-size: 12px;\"> Heyne-Verlag 1981<\/span><\/p>\n<p><span style=\"font-size: 12px;\">Daniel Golemann<\/span><br \/>\n<span style=\"font-size: 12px;\"> <strong>Emotionale Intelligenz<\/strong><\/span><br \/>\n<span style=\"font-size: 12px;\"> dtv 1997<\/span><\/p>\n<p><span style=\"font-size: 12px;\">S.H\u00e4fner (Hrsg)<\/span><br \/>\n<span style=\"font-size: 12px;\"> <strong>Die Balintgruppe \u2013 Praktische Anleitung f\u00fcr Teilnehmer<\/strong><\/span><br \/>\n<span style=\"font-size: 12px;\"> Deutscher \u00c4rzteverlag ( im Auftrag der Dt. Balintgesellschaft) 2007<\/span><\/p>\n<p><span style=\"font-size: 12px;\">Brigitte Halewitsch<\/span><br \/>\n<span style=\"font-size: 12px;\"> <strong>Salutogenese durch ganzheitliche Selbsterfahrung<\/strong><\/span><br \/>\n<span style=\"font-size: 12px;\"> COMED 1\/06 \u2013 2\/06<\/span><br \/>\n<span style=\"font-size: 12px;\"> <strong>Balintarbeit und Salutogenese \u2013 Eine Variante mit musikalischer Improvisation<\/strong><\/span><br \/>\n<span style=\"font-size: 12px;\"> Balint-Journal 2\/2008<\/span><\/p>\n<p><span style=\"font-size: 12px;\">Bert Hellinger<\/span><br \/>\n<span style=\"font-size: 12px;\"> <strong>Ordnungen der Liebe- Ein Kursbuch<\/strong><\/span><br \/>\n<span style=\"font-size: 12px;\"> Auer-Verlag 3. Aufl. 1996<\/span><br \/>\n<span style=\"font-size: 12px;\"> <strong>Zweierlei Gl\u00fcck \u2013 Konzept und Praxis der systemischen Psychotherapie<\/strong><\/span><br \/>\n<span style=\"font-size: 12px;\"> Arkana \u2013 Goldmann Verlag 2002<\/span><\/p>\n<p><span style=\"font-size: 12px;\">Johan Huizinga<\/span><br \/>\n<span style=\"font-size: 12px;\"> <strong>Homo ludens \u2013 Vom Ursprung der Kultur im Spiel<\/strong><\/span><br \/>\n<span style=\"font-size: 12px;\"> Rororo 1994<\/span><\/p>\n<p><span style=\"font-size: 12px;\">Robert Jourdain<\/span><br \/>\n<span style=\"font-size: 12px;\"> <strong>Das wohltemperierte Gehirn \u2013 Wie Musik im Kopf entsteht und wirkt<\/strong><\/span><br \/>\n<span style=\"font-size: 12px;\"> Spektrum Akademischer Verlag 2001<\/span><\/p>\n<p><span style=\"font-size: 12px;\">R\u00fcdiger Lorenz<\/span><br \/>\n<span style=\"font-size: 12px;\"> <strong>Salutogenese \u2013 Grundwissen f\u00fcr Psychologen, Mediziner, Gesundheits-und Pflegewissenschaftler<\/strong><\/span><br \/>\n<span style=\"font-size: 12px;\"> Reinhard Verlag 2005<\/span><\/p>\n<p><span style=\"font-size: 12px;\">Abraham A. Maslow<\/span><br \/>\n<span style=\"font-size: 12px;\"> <strong>Psychologie des Seins<\/strong><\/span><br \/>\n<span style=\"font-size: 12px;\"> Geist und Psyche \u2013 Fischer Taschenbuch Verlag 1990<\/span><\/p>\n<p><span style=\"font-size: 12px;\">Benyamin Maoz, Stanley Rabin, Eva Hava, Andre Matalon<\/span><br \/>\n<span style=\"font-size: 12px;\"> <strong>Die Arzt-Patient-Beziehung \u2013 der zwischenmenschliche Ansatz in der Medizin<\/strong><\/span><br \/>\n<span style=\"font-size: 12px;\"> Logos Verlag 2004<\/span><\/p>\n<p><span style=\"font-size: 12px;\">Readers Neues Funkkolleg<\/span><br \/>\n<span style=\"font-size: 12px;\"> <strong>Der Aufstand des Ohrs \u2013 Die neue Lust am H\u00f6ren<\/strong><\/span><br \/>\n<span style=\"font-size: 12px;\"> Vandenhoek &amp; Ruprecht 2006<\/span><\/p>\n<p><span style=\"font-size: 12px;\">Friedemann Schultz von Thun<\/span><br \/>\n<span style=\"font-size: 12px;\"> <strong>Miteinander reden \u2013 Das \u201eInnere Team\u201c und situationsgerechte Kommunikation<\/strong><\/span><br \/>\n<span style=\"font-size: 12px;\"> rororo 2006<\/span><\/p>\n<p><span style=\"font-size: 12px;\">Tonius Timmermann<\/span><br \/>\n<span style=\"font-size: 12px;\"> <strong>Klingende Systeme \u2013 Aufstellungsarbeit in der Musiktherapie<\/strong><\/span><br \/>\n<span style=\"font-size: 12px;\"> Carl-Auer-Systeme-Verlag 2003<\/span><\/p>\n<p><span style=\"font-size: 12px;\">Jakob Robert Schneider<\/span><br \/>\n<span style=\"font-size: 12px;\"> <strong>Das Familienstellen \u2013 Grundlagen und Vorgehensweisen<\/strong><\/span><br \/>\n<span style=\"font-size: 12px;\"> Carl-Auer \u2013Verlag 2006<\/span><\/p>\n<\/div>\n<!-- AddThis Advanced Settings generic via filter on the_content -->","protected":false},"excerpt":{"rendered":"<p>Aaron Antonovsky Salutogenese \u2013 Zur Entmystifizierung der Gesundheit Dgvt- Forum 36-1997 Michael Balint Der Arzt, sein Patient und die Krankheit Klett-Cotta 1980 F\u00fcnf Minuten pro Patient \u2013 Eine Studie \u00fcber die Interaktionen in der \u00e4rztlichen Allgemeinpraxis Suhrkamp Taschenbuch 1977 Joachim &hellip; <a class=\"more-link\" href=\"http:\/\/kreapaedie.de\/wordpress\/literaturempfehlungen\/\">Weiterlesen <span class=\"meta-nav\">&rarr;<\/span><\/a><!-- AddThis Advanced Settings generic via filter on get_the_excerpt --><\/p>\n","protected":false},"author":1,"featured_media":0,"parent":0,"menu_order":0,"comment_status":"closed","ping_status":"open","template":"","meta":{"footnotes":""},"class_list":["post-41","page","type-page","status-publish","hentry","keywords-aaron-antonovsky","keywords-balintgruppe","keywords-burnout","keywords-burnout-prophylaxe","keywords-emotionale-intelligenz","keywords-familienstellen","keywords-michael-balint","keywords-musiktherapie","keywords-psychotherapie","keywords-salutogenese"],"yoast_head":"<!-- This site is optimized with the Yoast SEO plugin v18.8 - https:\/\/yoast.com\/wordpress\/plugins\/seo\/ -->\n<title>Literaturempfehlungen - Kreap\u00e4die Akademie<\/title>\n<meta name=\"description\" content=\"Literaturempfehlungen zum Thema Salutogenese, Burnout-Prophylaxe, Balintgruppen, emotionale Intelligenz, Familienstellen &amp; Musiktherapie.\" \/>\n<meta name=\"robots\" content=\"index, follow, max-snippet:-1, max-image-preview:large, max-video-preview:-1\" \/>\n<link rel=\"canonical\" href=\"http:\/\/kreapaedie.de\/wordpress\/literaturempfehlungen\/\" \/>\n<meta property=\"og:locale\" content=\"de_DE\" \/>\n<meta property=\"og:type\" content=\"article\" \/>\n<meta property=\"og:title\" content=\"Literaturempfehlungen - Kreap\u00e4die Akademie\" \/>\n<meta property=\"og:description\" content=\"Literaturempfehlungen zum Thema Salutogenese, Burnout-Prophylaxe, Balintgruppen, emotionale Intelligenz, Familienstellen &amp; Musiktherapie.\" \/>\n<meta property=\"og:url\" content=\"http:\/\/kreapaedie.de\/wordpress\/literaturempfehlungen\/\" \/>\n<meta property=\"og:site_name\" content=\"Kreap\u00e4die Akademie\" \/>\n<meta property=\"article:modified_time\" content=\"2014-05-05T03:25:45+00:00\" \/>\n<meta name=\"twitter:label1\" content=\"Gesch\u00e4tzte Lesezeit\" \/>\n\t<meta name=\"twitter:data1\" content=\"1\u00a0Minute\" \/>\n<script type=\"application\/ld+json\" class=\"yoast-schema-graph\">{\"@context\":\"https:\/\/schema.org\",\"@graph\":[{\"@type\":\"WebSite\",\"@id\":\"http:\/\/kreapaedie.de\/wordpress\/#website\",\"url\":\"http:\/\/kreapaedie.de\/wordpress\/\",\"name\":\"Kreap\u00e4die Akademie\",\"description\":\"Burnout Pr\u00e4vention &amp; Prophylaxe durch psychohygienische Pr\u00e4vention in K\u00f6ln\",\"potentialAction\":[{\"@type\":\"SearchAction\",\"target\":{\"@type\":\"EntryPoint\",\"urlTemplate\":\"http:\/\/kreapaedie.de\/wordpress\/?s={search_term_string}\"},\"query-input\":\"required name=search_term_string\"}],\"inLanguage\":\"de\"},{\"@type\":\"WebPage\",\"@id\":\"http:\/\/kreapaedie.de\/wordpress\/literaturempfehlungen\/#webpage\",\"url\":\"http:\/\/kreapaedie.de\/wordpress\/literaturempfehlungen\/\",\"name\":\"Literaturempfehlungen - Kreap\u00e4die Akademie\",\"isPartOf\":{\"@id\":\"http:\/\/kreapaedie.de\/wordpress\/#website\"},\"datePublished\":\"2012-11-13T10:51:32+00:00\",\"dateModified\":\"2014-05-05T03:25:45+00:00\",\"description\":\"Literaturempfehlungen zum Thema Salutogenese, Burnout-Prophylaxe, Balintgruppen, emotionale Intelligenz, Familienstellen & Musiktherapie.\",\"breadcrumb\":{\"@id\":\"http:\/\/kreapaedie.de\/wordpress\/literaturempfehlungen\/#breadcrumb\"},\"inLanguage\":\"de\",\"potentialAction\":[{\"@type\":\"ReadAction\",\"target\":[\"http:\/\/kreapaedie.de\/wordpress\/literaturempfehlungen\/\"]}]},{\"@type\":\"BreadcrumbList\",\"@id\":\"http:\/\/kreapaedie.de\/wordpress\/literaturempfehlungen\/#breadcrumb\",\"itemListElement\":[{\"@type\":\"ListItem\",\"position\":1,\"name\":\"Home\",\"item\":\"http:\/\/kreapaedie.de\/wordpress\/\"},{\"@type\":\"ListItem\",\"position\":2,\"name\":\"Literaturempfehlungen\"}]}]}<\/script>\n<!-- \/ Yoast SEO plugin. -->","yoast_head_json":{"title":"Literaturempfehlungen - Kreap\u00e4die Akademie","description":"Literaturempfehlungen zum Thema Salutogenese, Burnout-Prophylaxe, Balintgruppen, emotionale Intelligenz, Familienstellen & Musiktherapie.","robots":{"index":"index","follow":"follow","max-snippet":"max-snippet:-1","max-image-preview":"max-image-preview:large","max-video-preview":"max-video-preview:-1"},"canonical":"http:\/\/kreapaedie.de\/wordpress\/literaturempfehlungen\/","og_locale":"de_DE","og_type":"article","og_title":"Literaturempfehlungen - Kreap\u00e4die Akademie","og_description":"Literaturempfehlungen zum Thema Salutogenese, Burnout-Prophylaxe, Balintgruppen, emotionale Intelligenz, Familienstellen & Musiktherapie.","og_url":"http:\/\/kreapaedie.de\/wordpress\/literaturempfehlungen\/","og_site_name":"Kreap\u00e4die Akademie","article_modified_time":"2014-05-05T03:25:45+00:00","twitter_misc":{"Gesch\u00e4tzte Lesezeit":"1\u00a0Minute"},"schema":{"@context":"https:\/\/schema.org","@graph":[{"@type":"WebSite","@id":"http:\/\/kreapaedie.de\/wordpress\/#website","url":"http:\/\/kreapaedie.de\/wordpress\/","name":"Kreap\u00e4die Akademie","description":"Burnout Pr\u00e4vention &amp; Prophylaxe durch psychohygienische Pr\u00e4vention in K\u00f6ln","potentialAction":[{"@type":"SearchAction","target":{"@type":"EntryPoint","urlTemplate":"http:\/\/kreapaedie.de\/wordpress\/?s={search_term_string}"},"query-input":"required name=search_term_string"}],"inLanguage":"de"},{"@type":"WebPage","@id":"http:\/\/kreapaedie.de\/wordpress\/literaturempfehlungen\/#webpage","url":"http:\/\/kreapaedie.de\/wordpress\/literaturempfehlungen\/","name":"Literaturempfehlungen - Kreap\u00e4die Akademie","isPartOf":{"@id":"http:\/\/kreapaedie.de\/wordpress\/#website"},"datePublished":"2012-11-13T10:51:32+00:00","dateModified":"2014-05-05T03:25:45+00:00","description":"Literaturempfehlungen zum Thema Salutogenese, Burnout-Prophylaxe, Balintgruppen, emotionale Intelligenz, Familienstellen & Musiktherapie.","breadcrumb":{"@id":"http:\/\/kreapaedie.de\/wordpress\/literaturempfehlungen\/#breadcrumb"},"inLanguage":"de","potentialAction":[{"@type":"ReadAction","target":["http:\/\/kreapaedie.de\/wordpress\/literaturempfehlungen\/"]}]},{"@type":"BreadcrumbList","@id":"http:\/\/kreapaedie.de\/wordpress\/literaturempfehlungen\/#breadcrumb","itemListElement":[{"@type":"ListItem","position":1,"name":"Home","item":"http:\/\/kreapaedie.de\/wordpress\/"},{"@type":"ListItem","position":2,"name":"Literaturempfehlungen"}]}]}},"_links":{"self":[{"href":"http:\/\/kreapaedie.de\/wordpress\/wp-json\/wp\/v2\/pages\/41","targetHints":{"allow":["GET"]}}],"collection":[{"href":"http:\/\/kreapaedie.de\/wordpress\/wp-json\/wp\/v2\/pages"}],"about":[{"href":"http:\/\/kreapaedie.de\/wordpress\/wp-json\/wp\/v2\/types\/page"}],"author":[{"embeddable":true,"href":"http:\/\/kreapaedie.de\/wordpress\/wp-json\/wp\/v2\/users\/1"}],"replies":[{"embeddable":true,"href":"http:\/\/kreapaedie.de\/wordpress\/wp-json\/wp\/v2\/comments?post=41"}],"version-history":[{"count":3,"href":"http:\/\/kreapaedie.de\/wordpress\/wp-json\/wp\/v2\/pages\/41\/revisions"}],"predecessor-version":[{"id":108,"href":"http:\/\/kreapaedie.de\/wordpress\/wp-json\/wp\/v2\/pages\/41\/revisions\/108"}],"wp:attachment":[{"href":"http:\/\/kreapaedie.de\/wordpress\/wp-json\/wp\/v2\/media?parent=41"}],"curies":[{"name":"wp","href":"https:\/\/api.w.org\/{rel}","templated":true}]}}