{"id":4,"date":"2012-11-01T21:47:00","date_gmt":"2012-11-01T20:47:00","guid":{"rendered":"http:\/\/kreapaedie.de\/wordpress\/?page_id=4"},"modified":"2016-03-02T12:34:18","modified_gmt":"2016-03-02T11:34:18","slug":"home","status":"publish","type":"page","link":"http:\/\/kreapaedie.de\/wordpress\/","title":{"rendered":"Home"},"content":{"rendered":"<p>&nbsp;<\/p>\n<p><a href=\"http:\/\/kreapaedie.de\/wordpress\/wp-content\/uploads\/2012\/11\/erdhirn_2009.jpg\"><img loading=\"lazy\" decoding=\"async\" class=\"wp-image-6  alignright\" title=\"erdhirn_2009\" src=\"http:\/\/kreapaedie.de\/wordpress\/wp-content\/uploads\/2012\/11\/erdhirn_2009.jpg\" alt=\"erdhirn_2009\" width=\"635\" height=\"388\" \/><\/a><\/p>\n<p>&nbsp;<\/p>\n<p>&nbsp;<\/p>\n<p>&nbsp;<\/p>\n<p>&nbsp;<\/p>\n<p>&nbsp;<\/p>\n<p><a href=\"http:\/\/kreapaedie.de\/wordpress\/wp-content\/uploads\/2012\/11\/DGfS_Systemaufstellerin_CMYK.jpg\"><img loading=\"lazy\" decoding=\"async\" class=\"alignleft wp-image-412\" src=\"http:\/\/kreapaedie.de\/wordpress\/wp-content\/uploads\/2012\/11\/DGfS_Systemaufstellerin_CMYK-300x118.jpg\" alt=\"DGfS_Systemaufstellerin_CMYK\" width=\"267\" height=\"114\" \/><\/a><\/p>\n<p>&nbsp;<\/p>\n<!-- AddThis Advanced Settings generic via filter on the_content -->","protected":false},"excerpt":{"rendered":"<p>&nbsp; &nbsp; &nbsp; &nbsp; &nbsp; &nbsp; &nbsp; &hellip; <a class=\"more-link\" href=\"http:\/\/kreapaedie.de\/wordpress\/\">Weiterlesen <span class=\"meta-nav\">&rarr;<\/span><\/a><!-- AddThis Advanced Settings generic via filter on get_the_excerpt --><\/p>\n","protected":false},"author":1,"featured_media":0,"parent":0,"menu_order":0,"comment_status":"closed","ping_status":"open","template":"","meta":{"footnotes":""},"class_list":["post-4","page","type-page","status-publish","hentry","keywords-biografiearbeit","keywords-deutsche-gesellschaft-fuer-systemaufstellung","keywords-familienstellen-bert-hellinger","keywords-musiktherapie-koeln","keywords-nonverbale-kommunikation","keywords-primaere-praevention","keywords-psychotherapie-beratung","keywords-salutogenese-definition","keywords-systematische-therapie","keywords-therapeutische-berufe"],"yoast_head":"<!-- This site is optimized with the Yoast SEO plugin v18.8 - https:\/\/yoast.com\/wordpress\/plugins\/seo\/ -->\n<title>Kreap\u00e4die Akademie - Fortbildungen &amp; Musiktherapie in K\u00f6ln<\/title>\n<meta name=\"description\" content=\"Die Kreap\u00e4die Akademie veranstaltet zur Burnout-Pr\u00e4vention geeignete Selbsterfahrungsseminare. Diese werden auch als zertifizierte Weiterbildung anerkannt.\" \/>\n<meta name=\"robots\" content=\"index, follow, max-snippet:-1, max-image-preview:large, max-video-preview:-1\" \/>\n<link rel=\"canonical\" href=\"http:\/\/kreapaedie.de\/wordpress\/\" \/>\n<meta property=\"og:locale\" content=\"de_DE\" \/>\n<meta property=\"og:type\" content=\"article\" \/>\n<meta property=\"og:title\" content=\"Kreap\u00e4die Akademie - Fortbildungen &amp; Musiktherapie in K\u00f6ln\" \/>\n<meta property=\"og:description\" content=\"Die Kreap\u00e4die Akademie veranstaltet zur Burnout-Pr\u00e4vention geeignete Selbsterfahrungsseminare. Diese werden auch als zertifizierte Weiterbildung anerkannt.\" \/>\n<meta property=\"og:url\" content=\"http:\/\/kreapaedie.de\/wordpress\/\" \/>\n<meta property=\"og:site_name\" content=\"Kreap\u00e4die Akademie\" \/>\n<meta property=\"article:modified_time\" content=\"2016-03-02T11:34:18+00:00\" \/>\n<meta property=\"og:image\" content=\"http:\/\/kreapaedie.de\/wordpress\/wp-content\/uploads\/2012\/11\/erdhirn_2009.jpg\" \/>\n<script type=\"application\/ld+json\" class=\"yoast-schema-graph\">{\"@context\":\"https:\/\/schema.org\",\"@graph\":[{\"@type\":\"WebSite\",\"@id\":\"http:\/\/kreapaedie.de\/wordpress\/#website\",\"url\":\"http:\/\/kreapaedie.de\/wordpress\/\",\"name\":\"Kreap\u00e4die Akademie\",\"description\":\"Burnout Pr\u00e4vention &amp; Prophylaxe durch psychohygienische Pr\u00e4vention in K\u00f6ln\",\"potentialAction\":[{\"@type\":\"SearchAction\",\"target\":{\"@type\":\"EntryPoint\",\"urlTemplate\":\"http:\/\/kreapaedie.de\/wordpress\/?s={search_term_string}\"},\"query-input\":\"required name=search_term_string\"}],\"inLanguage\":\"de\"},{\"@type\":\"ImageObject\",\"inLanguage\":\"de\",\"@id\":\"http:\/\/kreapaedie.de\/wordpress\/#primaryimage\",\"url\":\"http:\/\/kreapaedie.de\/wordpress\/wp-content\/uploads\/2012\/11\/erdhirn_2009.jpg\",\"contentUrl\":\"http:\/\/kreapaedie.de\/wordpress\/wp-content\/uploads\/2012\/11\/erdhirn_2009.jpg\",\"width\":\"500\",\"height\":\"300\",\"caption\":\"erdhirn_2009\"},{\"@type\":\"WebPage\",\"@id\":\"http:\/\/kreapaedie.de\/wordpress\/#webpage\",\"url\":\"http:\/\/kreapaedie.de\/wordpress\/\",\"name\":\"Kreap\u00e4die Akademie - Fortbildungen & Musiktherapie in K\u00f6ln\",\"isPartOf\":{\"@id\":\"http:\/\/kreapaedie.de\/wordpress\/#website\"},\"primaryImageOfPage\":{\"@id\":\"http:\/\/kreapaedie.de\/wordpress\/#primaryimage\"},\"datePublished\":\"2012-11-01T20:47:00+00:00\",\"dateModified\":\"2016-03-02T11:34:18+00:00\",\"description\":\"Die Kreap\u00e4die Akademie veranstaltet zur Burnout-Pr\u00e4vention geeignete Selbsterfahrungsseminare. Diese werden auch als zertifizierte Weiterbildung anerkannt.\",\"breadcrumb\":{\"@id\":\"http:\/\/kreapaedie.de\/wordpress\/#breadcrumb\"},\"inLanguage\":\"de\",\"potentialAction\":[{\"@type\":\"ReadAction\",\"target\":[\"http:\/\/kreapaedie.de\/wordpress\/\"]}]},{\"@type\":\"BreadcrumbList\",\"@id\":\"http:\/\/kreapaedie.de\/wordpress\/#breadcrumb\",\"itemListElement\":[{\"@type\":\"ListItem\",\"position\":1,\"name\":\"Home\",\"item\":\"http:\/\/kreapaedie.de\/wordpress\/\"},{\"@type\":\"ListItem\",\"position\":2,\"name\":\"Home\"}]}]}<\/script>\n<!-- \/ Yoast SEO plugin. -->","yoast_head_json":{"title":"Kreap\u00e4die Akademie - Fortbildungen & Musiktherapie in K\u00f6ln","description":"Die Kreap\u00e4die Akademie veranstaltet zur Burnout-Pr\u00e4vention geeignete Selbsterfahrungsseminare. Diese werden auch als zertifizierte Weiterbildung anerkannt.","robots":{"index":"index","follow":"follow","max-snippet":"max-snippet:-1","max-image-preview":"max-image-preview:large","max-video-preview":"max-video-preview:-1"},"canonical":"http:\/\/kreapaedie.de\/wordpress\/","og_locale":"de_DE","og_type":"article","og_title":"Kreap\u00e4die Akademie - Fortbildungen & Musiktherapie in K\u00f6ln","og_description":"Die Kreap\u00e4die Akademie veranstaltet zur Burnout-Pr\u00e4vention geeignete Selbsterfahrungsseminare. Diese werden auch als zertifizierte Weiterbildung anerkannt.","og_url":"http:\/\/kreapaedie.de\/wordpress\/","og_site_name":"Kreap\u00e4die Akademie","article_modified_time":"2016-03-02T11:34:18+00:00","og_image":[{"url":"http:\/\/kreapaedie.de\/wordpress\/wp-content\/uploads\/2012\/11\/erdhirn_2009.jpg"}],"schema":{"@context":"https:\/\/schema.org","@graph":[{"@type":"WebSite","@id":"http:\/\/kreapaedie.de\/wordpress\/#website","url":"http:\/\/kreapaedie.de\/wordpress\/","name":"Kreap\u00e4die Akademie","description":"Burnout Pr\u00e4vention &amp; Prophylaxe durch psychohygienische Pr\u00e4vention in K\u00f6ln","potentialAction":[{"@type":"SearchAction","target":{"@type":"EntryPoint","urlTemplate":"http:\/\/kreapaedie.de\/wordpress\/?s={search_term_string}"},"query-input":"required name=search_term_string"}],"inLanguage":"de"},{"@type":"ImageObject","inLanguage":"de","@id":"http:\/\/kreapaedie.de\/wordpress\/#primaryimage","url":"http:\/\/kreapaedie.de\/wordpress\/wp-content\/uploads\/2012\/11\/erdhirn_2009.jpg","contentUrl":"http:\/\/kreapaedie.de\/wordpress\/wp-content\/uploads\/2012\/11\/erdhirn_2009.jpg","width":"500","height":"300","caption":"erdhirn_2009"},{"@type":"WebPage","@id":"http:\/\/kreapaedie.de\/wordpress\/#webpage","url":"http:\/\/kreapaedie.de\/wordpress\/","name":"Kreap\u00e4die Akademie - Fortbildungen & Musiktherapie in K\u00f6ln","isPartOf":{"@id":"http:\/\/kreapaedie.de\/wordpress\/#website"},"primaryImageOfPage":{"@id":"http:\/\/kreapaedie.de\/wordpress\/#primaryimage"},"datePublished":"2012-11-01T20:47:00+00:00","dateModified":"2016-03-02T11:34:18+00:00","description":"Die Kreap\u00e4die Akademie veranstaltet zur Burnout-Pr\u00e4vention geeignete Selbsterfahrungsseminare. Diese werden auch als zertifizierte Weiterbildung anerkannt.","breadcrumb":{"@id":"http:\/\/kreapaedie.de\/wordpress\/#breadcrumb"},"inLanguage":"de","potentialAction":[{"@type":"ReadAction","target":["http:\/\/kreapaedie.de\/wordpress\/"]}]},{"@type":"BreadcrumbList","@id":"http:\/\/kreapaedie.de\/wordpress\/#breadcrumb","itemListElement":[{"@type":"ListItem","position":1,"name":"Home","item":"http:\/\/kreapaedie.de\/wordpress\/"},{"@type":"ListItem","position":2,"name":"Home"}]}]}},"_links":{"self":[{"href":"http:\/\/kreapaedie.de\/wordpress\/wp-json\/wp\/v2\/pages\/4","targetHints":{"allow":["GET"]}}],"collection":[{"href":"http:\/\/kreapaedie.de\/wordpress\/wp-json\/wp\/v2\/pages"}],"about":[{"href":"http:\/\/kreapaedie.de\/wordpress\/wp-json\/wp\/v2\/types\/page"}],"author":[{"embeddable":true,"href":"http:\/\/kreapaedie.de\/wordpress\/wp-json\/wp\/v2\/users\/1"}],"replies":[{"embeddable":true,"href":"http:\/\/kreapaedie.de\/wordpress\/wp-json\/wp\/v2\/comments?post=4"}],"version-history":[{"count":24,"href":"http:\/\/kreapaedie.de\/wordpress\/wp-json\/wp\/v2\/pages\/4\/revisions"}],"predecessor-version":[{"id":436,"href":"http:\/\/kreapaedie.de\/wordpress\/wp-json\/wp\/v2\/pages\/4\/revisions\/436"}],"wp:attachment":[{"href":"http:\/\/kreapaedie.de\/wordpress\/wp-json\/wp\/v2\/media?parent=4"}],"curies":[{"name":"wp","href":"https:\/\/api.w.org\/{rel}","templated":true}]}}