{"id":34,"date":"2012-11-13T11:49:09","date_gmt":"2012-11-13T10:49:09","guid":{"rendered":"http:\/\/kreapaedie.de\/wordpress\/?page_id=34"},"modified":"2021-05-09T09:47:22","modified_gmt":"2021-05-09T08:47:22","slug":"akademie","status":"publish","type":"page","link":"http:\/\/kreapaedie.de\/wordpress\/akademie\/","title":{"rendered":"Akademie"},"content":{"rendered":"<p style=\"text-align: center;\"><em><span style=\"color: #795ca5; font-size: 11px;\">Wahres Wissen kommt nicht aus dem Intellekt,<\/span><\/em><br \/>\n<em> <span style=\"color: #795ca5; font-size: 11px;\"> sondern aus dem unmittelbaren Kontakt.<\/span><\/em><br \/>\n<em> <span style=\"color: #795ca5; font-size: 11px;\"> <strong> Gurdjeff<\/strong><\/span><\/em><\/p>\n<p><span style=\"font-size: 12px;\"><a href=\"http:\/\/kreapaedie.de\/wordpress\/wp-content\/uploads\/2012\/11\/Alle-Instrumente-sw.jpg\"><img loading=\"lazy\" decoding=\"async\" class=\"alignleft wp-image-408\" title=\"akademieraum\" src=\"http:\/\/kreapaedie.de\/wordpress\/wp-content\/uploads\/2012\/11\/Alle-Instrumente-sw-234x300.jpg\" alt=\"\" width=\"300\" height=\"384\" srcset=\"http:\/\/kreapaedie.de\/wordpress\/wp-content\/uploads\/2012\/11\/Alle-Instrumente-sw-234x300.jpg 234w, http:\/\/kreapaedie.de\/wordpress\/wp-content\/uploads\/2012\/11\/Alle-Instrumente-sw.jpg 600w\" sizes=\"auto, (max-width: 300px) 100vw, 300px\" \/><\/a><\/span><span style=\"font-size: 12px;\">Die Kreap\u00e4die Akademie veranstaltet unter der Leitung der \u00c4rztin f\u00fcr Psychotherapeutische Medizin und Systemtherapeutin, Musiktherapeutin, K\u00fcnstlerin und Autorin Dr.Brigitte Halewitsch\u00a0gesundheits-und kreativit\u00e4tsf\u00f6rdernde Seminare zum Zweck der Selbsterfahrung. In den Kursangeboten werden\u00a0systemische Aufstellungen spielerisch durch\u00a0musikalische Improvisation u.a. nonverbale Ausdrucksmitteln erg\u00e4nzt, um die Kommunikation ganzheitlich zu vertiefen. Einzelsitzungen werden nach Bedarf vereinbart.<\/span><br \/>\n<span style=\"font-size: 12px;\">Das <em>zertifizierte Bildungsangebot<\/em> basiert auf der Vorstellung, dass <em>Kreativit\u00e4t <\/em>eine psychoprophylaktische (salutogenetische) Bedeutung hat. Kreap\u00e4die versteht Kreativit\u00e4t als Lebenshaltung, die\u00a0Eigenschaften kultiviert, die lebendige Systeme grunds\u00e4tzlich auszeichnen.<\/span><\/p>\n<p>&nbsp;<\/p>\n<p><span style=\"color: #000000;\"><a title=\"Literaturempfehlungen\" href=\"http:\/\/kreapaedie.de\/wordpress\/literaturempfehlungen\/\"><span style=\"color: #000000; font-size: 12px;\">Literaturempfehlungen<\/span><\/a><strong><br \/>\n<\/strong><\/span><\/p>\n<!-- AddThis Advanced Settings generic via filter on the_content -->","protected":false},"excerpt":{"rendered":"<p>Wahres Wissen kommt nicht aus dem Intellekt, sondern aus dem unmittelbaren Kontakt. Gurdjeff Die Kreap\u00e4die Akademie veranstaltet unter der Leitung der \u00c4rztin f\u00fcr Psychotherapeutische Medizin und Systemtherapeutin, Musiktherapeutin, K\u00fcnstlerin und Autorin Dr.Brigitte Halewitsch\u00a0gesundheits-und kreativit\u00e4tsf\u00f6rdernde Seminare zum Zweck der Selbsterfahrung. In &hellip; <a class=\"more-link\" href=\"http:\/\/kreapaedie.de\/wordpress\/akademie\/\">Weiterlesen <span class=\"meta-nav\">&rarr;<\/span><\/a><!-- AddThis Advanced Settings generic via filter on get_the_excerpt --><\/p>\n","protected":false},"author":1,"featured_media":0,"parent":0,"menu_order":0,"comment_status":"closed","ping_status":"open","template":"","meta":{"footnotes":""},"class_list":["post-34","page","type-page","status-publish","hentry","keywords-burnout","keywords-burnout-praevention","keywords-burnout-prophylaxe","keywords-ganzheitliche-kommunikation","keywords-musikalische-improvisation","keywords-psychoprophylaxe","keywords-salutogenese","keywords-seelische-gesundheit","keywords-selbsterfahrungsseminar","keywords-systemaufstellungen"],"yoast_head":"<!-- This site is optimized with the Yoast SEO plugin v18.8 - https:\/\/yoast.com\/wordpress\/plugins\/seo\/ -->\n<title>Kreap\u00e4die Akademie - Zertifizierte Fortbildungen in K\u00f6ln<\/title>\n<meta name=\"description\" content=\"Die Kreap\u00e4die Akademie veranstaltet seit 1995 unter der Leitung von Frau Dr. Halewitsch salutogenetisch und kreativit\u00e4tsf\u00f6rdernde Selbsterfahrungsseminare.\" \/>\n<meta name=\"robots\" content=\"index, follow, max-snippet:-1, max-image-preview:large, max-video-preview:-1\" \/>\n<link rel=\"canonical\" href=\"http:\/\/kreapaedie.de\/wordpress\/akademie\/\" \/>\n<meta property=\"og:locale\" content=\"de_DE\" \/>\n<meta property=\"og:type\" content=\"article\" \/>\n<meta property=\"og:title\" content=\"Kreap\u00e4die Akademie - Zertifizierte Fortbildungen in K\u00f6ln\" \/>\n<meta property=\"og:description\" content=\"Die Kreap\u00e4die Akademie veranstaltet seit 1995 unter der Leitung von Frau Dr. Halewitsch salutogenetisch und kreativit\u00e4tsf\u00f6rdernde Selbsterfahrungsseminare.\" \/>\n<meta property=\"og:url\" content=\"http:\/\/kreapaedie.de\/wordpress\/akademie\/\" \/>\n<meta property=\"og:site_name\" content=\"Kreap\u00e4die Akademie\" \/>\n<meta property=\"article:modified_time\" content=\"2021-05-09T08:47:22+00:00\" \/>\n<meta property=\"og:image\" content=\"http:\/\/kreapaedie.de\/wordpress\/wp-content\/uploads\/2012\/11\/Alle-Instrumente-sw-234x300.jpg\" \/>\n<meta name=\"twitter:label1\" content=\"Gesch\u00e4tzte Lesezeit\" \/>\n\t<meta name=\"twitter:data1\" content=\"1\u00a0Minute\" \/>\n<script type=\"application\/ld+json\" class=\"yoast-schema-graph\">{\"@context\":\"https:\/\/schema.org\",\"@graph\":[{\"@type\":\"WebSite\",\"@id\":\"http:\/\/kreapaedie.de\/wordpress\/#website\",\"url\":\"http:\/\/kreapaedie.de\/wordpress\/\",\"name\":\"Kreap\u00e4die Akademie\",\"description\":\"Burnout Pr\u00e4vention &amp; Prophylaxe durch psychohygienische Pr\u00e4vention in K\u00f6ln\",\"potentialAction\":[{\"@type\":\"SearchAction\",\"target\":{\"@type\":\"EntryPoint\",\"urlTemplate\":\"http:\/\/kreapaedie.de\/wordpress\/?s={search_term_string}\"},\"query-input\":\"required name=search_term_string\"}],\"inLanguage\":\"de\"},{\"@type\":\"ImageObject\",\"inLanguage\":\"de\",\"@id\":\"http:\/\/kreapaedie.de\/wordpress\/akademie\/#primaryimage\",\"url\":\"http:\/\/kreapaedie.de\/wordpress\/wp-content\/uploads\/2012\/11\/Alle-Instrumente-sw.jpg\",\"contentUrl\":\"http:\/\/kreapaedie.de\/wordpress\/wp-content\/uploads\/2012\/11\/Alle-Instrumente-sw.jpg\",\"width\":600,\"height\":768},{\"@type\":\"WebPage\",\"@id\":\"http:\/\/kreapaedie.de\/wordpress\/akademie\/#webpage\",\"url\":\"http:\/\/kreapaedie.de\/wordpress\/akademie\/\",\"name\":\"Kreap\u00e4die Akademie - Zertifizierte Fortbildungen in K\u00f6ln\",\"isPartOf\":{\"@id\":\"http:\/\/kreapaedie.de\/wordpress\/#website\"},\"primaryImageOfPage\":{\"@id\":\"http:\/\/kreapaedie.de\/wordpress\/akademie\/#primaryimage\"},\"datePublished\":\"2012-11-13T10:49:09+00:00\",\"dateModified\":\"2021-05-09T08:47:22+00:00\",\"description\":\"Die Kreap\u00e4die Akademie veranstaltet seit 1995 unter der Leitung von Frau Dr. Halewitsch salutogenetisch und kreativit\u00e4tsf\u00f6rdernde Selbsterfahrungsseminare.\",\"breadcrumb\":{\"@id\":\"http:\/\/kreapaedie.de\/wordpress\/akademie\/#breadcrumb\"},\"inLanguage\":\"de\",\"potentialAction\":[{\"@type\":\"ReadAction\",\"target\":[\"http:\/\/kreapaedie.de\/wordpress\/akademie\/\"]}]},{\"@type\":\"BreadcrumbList\",\"@id\":\"http:\/\/kreapaedie.de\/wordpress\/akademie\/#breadcrumb\",\"itemListElement\":[{\"@type\":\"ListItem\",\"position\":1,\"name\":\"Home\",\"item\":\"http:\/\/kreapaedie.de\/wordpress\/\"},{\"@type\":\"ListItem\",\"position\":2,\"name\":\"Akademie\"}]}]}<\/script>\n<!-- \/ Yoast SEO plugin. -->","yoast_head_json":{"title":"Kreap\u00e4die Akademie - Zertifizierte Fortbildungen in K\u00f6ln","description":"Die Kreap\u00e4die Akademie veranstaltet seit 1995 unter der Leitung von Frau Dr. Halewitsch salutogenetisch und kreativit\u00e4tsf\u00f6rdernde Selbsterfahrungsseminare.","robots":{"index":"index","follow":"follow","max-snippet":"max-snippet:-1","max-image-preview":"max-image-preview:large","max-video-preview":"max-video-preview:-1"},"canonical":"http:\/\/kreapaedie.de\/wordpress\/akademie\/","og_locale":"de_DE","og_type":"article","og_title":"Kreap\u00e4die Akademie - Zertifizierte Fortbildungen in K\u00f6ln","og_description":"Die Kreap\u00e4die Akademie veranstaltet seit 1995 unter der Leitung von Frau Dr. Halewitsch salutogenetisch und kreativit\u00e4tsf\u00f6rdernde Selbsterfahrungsseminare.","og_url":"http:\/\/kreapaedie.de\/wordpress\/akademie\/","og_site_name":"Kreap\u00e4die Akademie","article_modified_time":"2021-05-09T08:47:22+00:00","og_image":[{"url":"http:\/\/kreapaedie.de\/wordpress\/wp-content\/uploads\/2012\/11\/Alle-Instrumente-sw-234x300.jpg"}],"twitter_misc":{"Gesch\u00e4tzte Lesezeit":"1\u00a0Minute"},"schema":{"@context":"https:\/\/schema.org","@graph":[{"@type":"WebSite","@id":"http:\/\/kreapaedie.de\/wordpress\/#website","url":"http:\/\/kreapaedie.de\/wordpress\/","name":"Kreap\u00e4die Akademie","description":"Burnout Pr\u00e4vention &amp; Prophylaxe durch psychohygienische Pr\u00e4vention in K\u00f6ln","potentialAction":[{"@type":"SearchAction","target":{"@type":"EntryPoint","urlTemplate":"http:\/\/kreapaedie.de\/wordpress\/?s={search_term_string}"},"query-input":"required name=search_term_string"}],"inLanguage":"de"},{"@type":"ImageObject","inLanguage":"de","@id":"http:\/\/kreapaedie.de\/wordpress\/akademie\/#primaryimage","url":"http:\/\/kreapaedie.de\/wordpress\/wp-content\/uploads\/2012\/11\/Alle-Instrumente-sw.jpg","contentUrl":"http:\/\/kreapaedie.de\/wordpress\/wp-content\/uploads\/2012\/11\/Alle-Instrumente-sw.jpg","width":600,"height":768},{"@type":"WebPage","@id":"http:\/\/kreapaedie.de\/wordpress\/akademie\/#webpage","url":"http:\/\/kreapaedie.de\/wordpress\/akademie\/","name":"Kreap\u00e4die Akademie - Zertifizierte Fortbildungen in K\u00f6ln","isPartOf":{"@id":"http:\/\/kreapaedie.de\/wordpress\/#website"},"primaryImageOfPage":{"@id":"http:\/\/kreapaedie.de\/wordpress\/akademie\/#primaryimage"},"datePublished":"2012-11-13T10:49:09+00:00","dateModified":"2021-05-09T08:47:22+00:00","description":"Die Kreap\u00e4die Akademie veranstaltet seit 1995 unter der Leitung von Frau Dr. Halewitsch salutogenetisch und kreativit\u00e4tsf\u00f6rdernde Selbsterfahrungsseminare.","breadcrumb":{"@id":"http:\/\/kreapaedie.de\/wordpress\/akademie\/#breadcrumb"},"inLanguage":"de","potentialAction":[{"@type":"ReadAction","target":["http:\/\/kreapaedie.de\/wordpress\/akademie\/"]}]},{"@type":"BreadcrumbList","@id":"http:\/\/kreapaedie.de\/wordpress\/akademie\/#breadcrumb","itemListElement":[{"@type":"ListItem","position":1,"name":"Home","item":"http:\/\/kreapaedie.de\/wordpress\/"},{"@type":"ListItem","position":2,"name":"Akademie"}]}]}},"_links":{"self":[{"href":"http:\/\/kreapaedie.de\/wordpress\/wp-json\/wp\/v2\/pages\/34","targetHints":{"allow":["GET"]}}],"collection":[{"href":"http:\/\/kreapaedie.de\/wordpress\/wp-json\/wp\/v2\/pages"}],"about":[{"href":"http:\/\/kreapaedie.de\/wordpress\/wp-json\/wp\/v2\/types\/page"}],"author":[{"embeddable":true,"href":"http:\/\/kreapaedie.de\/wordpress\/wp-json\/wp\/v2\/users\/1"}],"replies":[{"embeddable":true,"href":"http:\/\/kreapaedie.de\/wordpress\/wp-json\/wp\/v2\/comments?post=34"}],"version-history":[{"count":19,"href":"http:\/\/kreapaedie.de\/wordpress\/wp-json\/wp\/v2\/pages\/34\/revisions"}],"predecessor-version":[{"id":187,"href":"http:\/\/kreapaedie.de\/wordpress\/wp-json\/wp\/v2\/pages\/34\/revisions\/187"}],"wp:attachment":[{"href":"http:\/\/kreapaedie.de\/wordpress\/wp-json\/wp\/v2\/media?parent=34"}],"curies":[{"name":"wp","href":"https:\/\/api.w.org\/{rel}","templated":true}]}}