{"id":21,"date":"2012-11-13T11:15:22","date_gmt":"2012-11-13T10:15:22","guid":{"rendered":"http:\/\/kreapaedie.de\/wordpress\/?page_id=21"},"modified":"2016-03-02T13:18:47","modified_gmt":"2016-03-02T12:18:47","slug":"familien-systemaufstellungen","status":"publish","type":"page","link":"http:\/\/kreapaedie.de\/wordpress\/familien-systemaufstellungen\/","title":{"rendered":"Systemaufstellungen"},"content":{"rendered":"<p style=\"text-align: center;\">\n<p style=\"text-align: center;\"><em><span style=\"color: #795ca5; font-size: 11px;\">Alle gl\u00fccklichen Familien \u00e4hneln einander.<\/span><\/em><br \/>\n<em> <span style=\"color: #795ca5; font-size: 11px;\"> Jede ungl\u00fcckliche Familie ist auf ihre eigene Weise ungl\u00fccklich.<\/span><\/em><br \/>\n<em> <span style=\"color: #795ca5; font-size: 11px;\"> <strong> Leo N. Tolstoi<\/strong><\/span><\/em><\/p>\n<p><span style=\"font-size: 12px;\"><a href=\"http:\/\/kreapaedie.de\/wordpress\/wp-content\/uploads\/2012\/11\/Gongs.jpg\"><img loading=\"lazy\" decoding=\"async\" class=\"alignleft wp-image-409 size-medium\" title=\"Akademie\" src=\"http:\/\/kreapaedie.de\/wordpress\/wp-content\/uploads\/2012\/11\/Gongs-225x300.jpg\" alt=\"\" width=\"225\" height=\"300\" srcset=\"http:\/\/kreapaedie.de\/wordpress\/wp-content\/uploads\/2012\/11\/Gongs-225x300.jpg 225w, http:\/\/kreapaedie.de\/wordpress\/wp-content\/uploads\/2012\/11\/Gongs.jpg 576w\" sizes=\"auto, (max-width: 225px) 100vw, 225px\" \/><\/a>Definition<strong>:<\/strong><\/span><\/p>\n<p><span style=\"font-size: 12px;\"><em>Familienaufstellungen<\/em>\u00a0umfassen eine Reihe erfahrungsbezogener Verfahren\u00a0der systemischen Psychotherapie. Es k\u00f6nnen auch sonstige\u00a0\u00a0Systeme wie Organisationen, Betriebe oder Bev\u00f6lkerungsgruppen aufgestellt werden. Mit Hilfe von Bodenankern l\u00e4sst sich\u00a0die Methode auch im Einzelsetting anwenden.\u00a0<\/span><br \/>\n<span style=\"font-size: 12px;\">Als\u00a0Psychotherapie-erg\u00e4nzende Ma\u00dfnahmen\u00a0gehen sie in ihrer Wirkung \u00fcber Psychotherapie hinaus und\u00a0sind auch\u00a0vorbeugend als\u00a0<strong><a href=\"http:\/\/kreapaedie.de\/wordpress\/burnout-praevention\/\">Burnout-Pr\u00e4vention<\/a>\u00a0<\/strong>wirksam\u00a0. Dabei spielt die sogenannte stellvertretende Wahrnehmung durch Stellvertreter innerhalb eines r\u00e4umlich definierten Feldes eine entscheidende Rolle. Der zugrunde liegende Mechanismus gilt als vielfach gesichert durch Erfahrung, ist wissenschaftlich jedoch ungekl\u00e4rt.\u00a0\u00a0Systemische Aufstellungen machen erlebbar, was uns im Tiefsten als Menschen verbindet, ohne\u00a0unsere kulturelle oder religi\u00f6se Identit\u00e4t infrage zu stellen.<\/span><\/p>\n<p><span style=\"font-size: 12px;\">Vorgehen<strong>:<\/strong> <\/span><\/p>\n<p><span style=\"font-size: 12px;\">In einer Gruppe von 8-15 Personen pr\u00e4sentiert ein Teilnehmer ein pers\u00f6nliches Anliegen, das in biografischem Zusammenhang mit seiner Herkunfts-oder Gegenwartsfamilie \u00a0bzw. seinem Arbeitsteam steht. Anschlie\u00dfend werden von ihm aus der Gruppe Stellvertreter f\u00fcr die wichtigsten agierenden Personen einschlie\u00dflich ihm selbst\u00a0ausgew\u00e4hlt und intuitiv\u00a0von ihm selbst im Raum positioniert. Diese Stellvertreter teilen dann ihre allgemeinen und k\u00f6rperlichen Wahrnehmungen, Gef\u00fchle und Gedanken mit, die sie am jeweiligen Ort erleben. <\/span><span style=\"font-size: 12px;\">Das Anfangsbild macht bestehende\u00a0Verstrickungen sichtbar, mit denen\u00a0die Beziehungen belastet sind.\u00a0Im n\u00e4chsten Schritt\u00a0finden \u00c4nderungen der r\u00e4umlichen Anordnung der Stellvertreter statt, die zu\u00a0positiver Ver\u00e4nderung des Befindens bei m\u00f6glichst s\u00e4mtlichen\u00a0Beteiligten f\u00fchren sollen. Das L\u00f6sungsbild\u00a0entspricht dann den Bed\u00fcrfnissen aller Stellvertreter besser und l\u00e4sst L\u00f6sungsm\u00f6glichkeiten von Konflikten und der\u00a0Neugestaltung von Bindungen erkennen.\u00a0Die dabei stattfindende Ver\u00e4nderung betrifft die inneren Bilder der aufstellenden Person, weniger konkrete Handlungsanleitungen. Dennoch k\u00f6nnen auch die Systeme selbst dadurch konkrete Verbesserungen in der Folge erfahren.<\/span><br \/>\n<span style=\"font-size: 12px;\"> Von der mit solchen Aufstellungen verbundenen Selbsterfahrung profitieren unausgesprochen auch die aufgestellten Stellvertreter durch eigene Selbsterfahrung.<\/span><\/p>\n<h4><span style=\"font-size: 12px;\">Variante mit nonverbaler Kommunikation:<\/span><\/h4>\n<p><span style=\"font-size: 12px;\">Anstatt der Personen werden zun\u00e4chst Musikinstrumente verwendet, die im Raum zueinander positioniert werden. Im n\u00e4chsten Schritt begeben sich Teilnehmer zu diesen Instrumenten, mit denen sie ihre Rolle als Stellvertreter selbst w\u00e4hlen. Dann findet eine nonverbale Kommunikation als spontane musikalische<a title=\"Musikalische Improvisation\" href=\"http:\/\/kreapaedie.de\/wordpress\/musikalische-improvisation\/\"><strong> Improvisation<\/strong><\/a> statt, die anschlie\u00dfend verbal gekl\u00e4rt und erg\u00e4nzt wird. Zu einer L\u00f6sung gelangt das System hier ebenfalls nach \u00c4nderung der r\u00e4umlichen Anordnung zueinander u.U. mit Wechsel des Instrumentes\u00a0und anschlie\u00dfend erneuter Improvisation und verbaler Kl\u00e4rung. Ziel ist ein\u00a0Ergebnis, das alle Mitspieler mehr zufriedenstellt.<\/span><br \/>\n<span style=\"font-size: 12px;\">Der Einsatz von Musikinstrumenten vertieft\u00a0die pers\u00f6nliche emotionale Resonanz der stellvertretenden Personen und verhilft sowohl diesen als auch der Gruppe zu einem ganzheitlicher erfahrenen Erlebnis. Die Stellvertreter haben hierbei mehr M\u00f6glichkeiten zu eigener Selbsterfahrung.\u00a0<\/span><\/p>\n<!-- AddThis Advanced Settings generic via filter on the_content -->","protected":false},"excerpt":{"rendered":"<p>Alle gl\u00fccklichen Familien \u00e4hneln einander. Jede ungl\u00fcckliche Familie ist auf ihre eigene Weise ungl\u00fccklich. Leo N. Tolstoi Definition: Familienaufstellungen\u00a0umfassen eine Reihe erfahrungsbezogener Verfahren\u00a0der systemischen Psychotherapie. Es k\u00f6nnen auch sonstige\u00a0\u00a0Systeme wie Organisationen, Betriebe oder Bev\u00f6lkerungsgruppen aufgestellt werden. Mit Hilfe von Bodenankern &hellip; <a class=\"more-link\" href=\"http:\/\/kreapaedie.de\/wordpress\/familien-systemaufstellungen\/\">Weiterlesen <span class=\"meta-nav\">&rarr;<\/span><\/a><!-- AddThis Advanced Settings generic via filter on get_the_excerpt --><\/p>\n","protected":false},"author":1,"featured_media":0,"parent":0,"menu_order":0,"comment_status":"closed","ping_status":"open","template":"","meta":{"footnotes":""},"class_list":["post-21","page","type-page","status-publish","hentry","keywords-bernd-hellinger","keywords-familienaufstellung","keywords-familienstellen","keywords-familienstellen-hellinger","keywords-familienstellen-nach-hellinger","keywords-hellinger","keywords-musikalische-improvisation","keywords-psychologische-praevention","keywords-psychotherapeut","keywords-systemische-familienaufstellung","keywords-systemische-therapie"],"yoast_head":"<!-- This site is optimized with the Yoast SEO plugin v18.8 - https:\/\/yoast.com\/wordpress\/plugins\/seo\/ -->\n<title>Familien-Systemaufstellungen - therapierg\u00e4nzend &amp; psychopr\u00e4ventiv<\/title>\n<meta name=\"description\" content=\"Familienaufstellungen sind eine Methode der systemischen Psychotherapie, deren Wirkungsweise noch ungekl\u00e4rt ist, deren Wirksamkeit aber unumstritten ist.\" \/>\n<meta name=\"robots\" content=\"index, follow, max-snippet:-1, max-image-preview:large, max-video-preview:-1\" \/>\n<link rel=\"canonical\" href=\"http:\/\/kreapaedie.de\/wordpress\/familien-systemaufstellungen\/\" \/>\n<meta property=\"og:locale\" content=\"de_DE\" \/>\n<meta property=\"og:type\" content=\"article\" \/>\n<meta property=\"og:title\" content=\"Familien-Systemaufstellungen - therapierg\u00e4nzend &amp; psychopr\u00e4ventiv\" \/>\n<meta property=\"og:description\" content=\"Familienaufstellungen sind eine Methode der systemischen Psychotherapie, deren Wirkungsweise noch ungekl\u00e4rt ist, deren Wirksamkeit aber unumstritten ist.\" \/>\n<meta property=\"og:url\" content=\"http:\/\/kreapaedie.de\/wordpress\/familien-systemaufstellungen\/\" \/>\n<meta property=\"og:site_name\" content=\"Kreap\u00e4die Akademie\" \/>\n<meta property=\"article:modified_time\" content=\"2016-03-02T12:18:47+00:00\" \/>\n<meta property=\"og:image\" content=\"http:\/\/kreapaedie.de\/wordpress\/wp-content\/uploads\/2012\/11\/Gongs-225x300.jpg\" \/>\n<meta name=\"twitter:label1\" content=\"Gesch\u00e4tzte Lesezeit\" \/>\n\t<meta name=\"twitter:data1\" content=\"2\u00a0Minuten\" \/>\n<script type=\"application\/ld+json\" class=\"yoast-schema-graph\">{\"@context\":\"https:\/\/schema.org\",\"@graph\":[{\"@type\":\"WebSite\",\"@id\":\"http:\/\/kreapaedie.de\/wordpress\/#website\",\"url\":\"http:\/\/kreapaedie.de\/wordpress\/\",\"name\":\"Kreap\u00e4die Akademie\",\"description\":\"Burnout Pr\u00e4vention &amp; Prophylaxe durch psychohygienische Pr\u00e4vention in K\u00f6ln\",\"potentialAction\":[{\"@type\":\"SearchAction\",\"target\":{\"@type\":\"EntryPoint\",\"urlTemplate\":\"http:\/\/kreapaedie.de\/wordpress\/?s={search_term_string}\"},\"query-input\":\"required name=search_term_string\"}],\"inLanguage\":\"de\"},{\"@type\":\"ImageObject\",\"inLanguage\":\"de\",\"@id\":\"http:\/\/kreapaedie.de\/wordpress\/familien-systemaufstellungen\/#primaryimage\",\"url\":\"http:\/\/kreapaedie.de\/wordpress\/wp-content\/uploads\/2012\/11\/Gongs.jpg\",\"contentUrl\":\"http:\/\/kreapaedie.de\/wordpress\/wp-content\/uploads\/2012\/11\/Gongs.jpg\",\"width\":576,\"height\":768},{\"@type\":\"WebPage\",\"@id\":\"http:\/\/kreapaedie.de\/wordpress\/familien-systemaufstellungen\/#webpage\",\"url\":\"http:\/\/kreapaedie.de\/wordpress\/familien-systemaufstellungen\/\",\"name\":\"Familien-Systemaufstellungen - therapierg\u00e4nzend & psychopr\u00e4ventiv\",\"isPartOf\":{\"@id\":\"http:\/\/kreapaedie.de\/wordpress\/#website\"},\"primaryImageOfPage\":{\"@id\":\"http:\/\/kreapaedie.de\/wordpress\/familien-systemaufstellungen\/#primaryimage\"},\"datePublished\":\"2012-11-13T10:15:22+00:00\",\"dateModified\":\"2016-03-02T12:18:47+00:00\",\"description\":\"Familienaufstellungen sind eine Methode der systemischen Psychotherapie, deren Wirkungsweise noch ungekl\u00e4rt ist, deren Wirksamkeit aber unumstritten ist.\",\"breadcrumb\":{\"@id\":\"http:\/\/kreapaedie.de\/wordpress\/familien-systemaufstellungen\/#breadcrumb\"},\"inLanguage\":\"de\",\"potentialAction\":[{\"@type\":\"ReadAction\",\"target\":[\"http:\/\/kreapaedie.de\/wordpress\/familien-systemaufstellungen\/\"]}]},{\"@type\":\"BreadcrumbList\",\"@id\":\"http:\/\/kreapaedie.de\/wordpress\/familien-systemaufstellungen\/#breadcrumb\",\"itemListElement\":[{\"@type\":\"ListItem\",\"position\":1,\"name\":\"Home\",\"item\":\"http:\/\/kreapaedie.de\/wordpress\/\"},{\"@type\":\"ListItem\",\"position\":2,\"name\":\"Systemaufstellungen\"}]}]}<\/script>\n<!-- \/ Yoast SEO plugin. -->","yoast_head_json":{"title":"Familien-Systemaufstellungen - therapierg\u00e4nzend & psychopr\u00e4ventiv","description":"Familienaufstellungen sind eine Methode der systemischen Psychotherapie, deren Wirkungsweise noch ungekl\u00e4rt ist, deren Wirksamkeit aber unumstritten ist.","robots":{"index":"index","follow":"follow","max-snippet":"max-snippet:-1","max-image-preview":"max-image-preview:large","max-video-preview":"max-video-preview:-1"},"canonical":"http:\/\/kreapaedie.de\/wordpress\/familien-systemaufstellungen\/","og_locale":"de_DE","og_type":"article","og_title":"Familien-Systemaufstellungen - therapierg\u00e4nzend & psychopr\u00e4ventiv","og_description":"Familienaufstellungen sind eine Methode der systemischen Psychotherapie, deren Wirkungsweise noch ungekl\u00e4rt ist, deren Wirksamkeit aber unumstritten ist.","og_url":"http:\/\/kreapaedie.de\/wordpress\/familien-systemaufstellungen\/","og_site_name":"Kreap\u00e4die Akademie","article_modified_time":"2016-03-02T12:18:47+00:00","og_image":[{"url":"http:\/\/kreapaedie.de\/wordpress\/wp-content\/uploads\/2012\/11\/Gongs-225x300.jpg"}],"twitter_misc":{"Gesch\u00e4tzte Lesezeit":"2\u00a0Minuten"},"schema":{"@context":"https:\/\/schema.org","@graph":[{"@type":"WebSite","@id":"http:\/\/kreapaedie.de\/wordpress\/#website","url":"http:\/\/kreapaedie.de\/wordpress\/","name":"Kreap\u00e4die Akademie","description":"Burnout Pr\u00e4vention &amp; Prophylaxe durch psychohygienische Pr\u00e4vention in K\u00f6ln","potentialAction":[{"@type":"SearchAction","target":{"@type":"EntryPoint","urlTemplate":"http:\/\/kreapaedie.de\/wordpress\/?s={search_term_string}"},"query-input":"required name=search_term_string"}],"inLanguage":"de"},{"@type":"ImageObject","inLanguage":"de","@id":"http:\/\/kreapaedie.de\/wordpress\/familien-systemaufstellungen\/#primaryimage","url":"http:\/\/kreapaedie.de\/wordpress\/wp-content\/uploads\/2012\/11\/Gongs.jpg","contentUrl":"http:\/\/kreapaedie.de\/wordpress\/wp-content\/uploads\/2012\/11\/Gongs.jpg","width":576,"height":768},{"@type":"WebPage","@id":"http:\/\/kreapaedie.de\/wordpress\/familien-systemaufstellungen\/#webpage","url":"http:\/\/kreapaedie.de\/wordpress\/familien-systemaufstellungen\/","name":"Familien-Systemaufstellungen - therapierg\u00e4nzend & psychopr\u00e4ventiv","isPartOf":{"@id":"http:\/\/kreapaedie.de\/wordpress\/#website"},"primaryImageOfPage":{"@id":"http:\/\/kreapaedie.de\/wordpress\/familien-systemaufstellungen\/#primaryimage"},"datePublished":"2012-11-13T10:15:22+00:00","dateModified":"2016-03-02T12:18:47+00:00","description":"Familienaufstellungen sind eine Methode der systemischen Psychotherapie, deren Wirkungsweise noch ungekl\u00e4rt ist, deren Wirksamkeit aber unumstritten ist.","breadcrumb":{"@id":"http:\/\/kreapaedie.de\/wordpress\/familien-systemaufstellungen\/#breadcrumb"},"inLanguage":"de","potentialAction":[{"@type":"ReadAction","target":["http:\/\/kreapaedie.de\/wordpress\/familien-systemaufstellungen\/"]}]},{"@type":"BreadcrumbList","@id":"http:\/\/kreapaedie.de\/wordpress\/familien-systemaufstellungen\/#breadcrumb","itemListElement":[{"@type":"ListItem","position":1,"name":"Home","item":"http:\/\/kreapaedie.de\/wordpress\/"},{"@type":"ListItem","position":2,"name":"Systemaufstellungen"}]}]}},"_links":{"self":[{"href":"http:\/\/kreapaedie.de\/wordpress\/wp-json\/wp\/v2\/pages\/21","targetHints":{"allow":["GET"]}}],"collection":[{"href":"http:\/\/kreapaedie.de\/wordpress\/wp-json\/wp\/v2\/pages"}],"about":[{"href":"http:\/\/kreapaedie.de\/wordpress\/wp-json\/wp\/v2\/types\/page"}],"author":[{"embeddable":true,"href":"http:\/\/kreapaedie.de\/wordpress\/wp-json\/wp\/v2\/users\/1"}],"replies":[{"embeddable":true,"href":"http:\/\/kreapaedie.de\/wordpress\/wp-json\/wp\/v2\/comments?post=21"}],"version-history":[{"count":33,"href":"http:\/\/kreapaedie.de\/wordpress\/wp-json\/wp\/v2\/pages\/21\/revisions"}],"predecessor-version":[{"id":189,"href":"http:\/\/kreapaedie.de\/wordpress\/wp-json\/wp\/v2\/pages\/21\/revisions\/189"}],"wp:attachment":[{"href":"http:\/\/kreapaedie.de\/wordpress\/wp-json\/wp\/v2\/media?parent=21"}],"curies":[{"name":"wp","href":"https:\/\/api.w.org\/{rel}","templated":true}]}}