{"id":139,"date":"2012-12-07T13:23:49","date_gmt":"2012-12-07T12:23:49","guid":{"rendered":"http:\/\/kreapaedie.de\/wordpress\/?page_id=139"},"modified":"2014-05-05T05:31:45","modified_gmt":"2014-05-05T04:31:45","slug":"kontakt","status":"publish","type":"page","link":"http:\/\/kreapaedie.de\/wordpress\/kontakt\/","title":{"rendered":"Kontakt"},"content":{"rendered":"<p><span style=\"font-size: 12px;\">Nehmen Sie Kontakt zur Kreap\u00e4die Akademie auf.<\/span><\/p>\n<p><span style=\"font-size: 12px;\"><div role=\"form\" class=\"wpcf7\" id=\"wpcf7-f151-o1\" dir=\"ltr\">\n<div class=\"screen-reader-response\"><p role=\"status\" aria-live=\"polite\" aria-atomic=\"true\"><\/p> <ul><\/ul><\/div>\n<form action=\"\/wordpress\/wp-json\/wp\/v2\/pages\/139#wpcf7-f151-o1\" method=\"post\" class=\"wpcf7-form init\" novalidate=\"novalidate\" data-status=\"init\">\n<div style=\"display: none;\">\n<input type=\"hidden\" name=\"_wpcf7\" value=\"151\" \/>\n<input type=\"hidden\" name=\"_wpcf7_version\" value=\"5.6.1\" \/>\n<input type=\"hidden\" name=\"_wpcf7_locale\" value=\"\" \/>\n<input type=\"hidden\" name=\"_wpcf7_unit_tag\" value=\"wpcf7-f151-o1\" \/>\n<input type=\"hidden\" name=\"_wpcf7_container_post\" value=\"0\" \/>\n<input type=\"hidden\" name=\"_wpcf7_posted_data_hash\" value=\"\" \/>\n<\/div>\n<p><span style=\"font-size: 12px;\">Ihr Name (Pflichtfeld)<\/span><br \/>\n    <span style=\"font-size: 12px;\"><span class=\"wpcf7-form-control-wrap\" data-name=\"your-name\"><input type=\"text\" name=\"your-name\" value=\"\" size=\"40\" class=\"wpcf7-form-control wpcf7-text wpcf7-validates-as-required\" aria-required=\"true\" aria-invalid=\"false\" \/><\/span><\/span> <\/p>\n<p><span style=\"font-size: 12px;\">Ihre E-Mail-Adresse (Pflichtfeld)<\/span><br \/>\n    <span style=\"font-size: 12px;\"><span class=\"wpcf7-form-control-wrap\" data-name=\"your-email\"><input type=\"email\" name=\"your-email\" value=\"\" size=\"40\" class=\"wpcf7-form-control wpcf7-text wpcf7-email wpcf7-validates-as-required wpcf7-validates-as-email\" aria-required=\"true\" aria-invalid=\"false\" \/><\/span><\/span> <\/p>\n<p><span style=\"font-size: 12px;\">Ihre Telefon-Nummer (Pflichtfeld)<\/span><br \/>\n    <span style=\"font-size: 12px;\"><span class=\"wpcf7-form-control-wrap\" data-name=\"Telefon\"><input type=\"text\" name=\"Telefon\" value=\"\" size=\"40\" class=\"wpcf7-form-control wpcf7-text wpcf7-validates-as-required\" aria-required=\"true\" aria-invalid=\"false\" \/><\/span><\/span> <\/p>\n<p><span style=\"font-size: 12px;\">Betreff<\/span><br \/>\n    <span style=\"font-size: 12px;\"><span class=\"wpcf7-form-control-wrap\" data-name=\"your-subject\"><input type=\"text\" name=\"your-subject\" value=\"\" size=\"40\" class=\"wpcf7-form-control wpcf7-text\" aria-invalid=\"false\" \/><\/span><\/span> <\/p>\n<p><span style=\"font-size: 12px;\">Ihre Nachricht<\/span><br \/>\n    <span style=\"font-size: 12px;\"><span class=\"wpcf7-form-control-wrap\" data-name=\"your-message\"><textarea name=\"your-message\" cols=\"40\" rows=\"10\" class=\"wpcf7-form-control wpcf7-textarea\" aria-invalid=\"false\"><\/textarea><\/span><\/span> <\/p>\n<p><span style=\"font-size: 12px;\"><input type=\"submit\" value=\"Senden\" class=\"wpcf7-form-control has-spinner wpcf7-submit\" \/><\/span><\/p>\n<div class=\"wpcf7-response-output\" aria-hidden=\"true\"><\/div><\/form><\/div><\/span><\/p>\n<p><strong><span style=\"font-size: 12px;\">Hinweis: <\/span><\/strong><br \/>\n<span style=\"font-size: 12px;\">Die Kreap\u00e4die Akademie ist keine therapeutische Praxis sondern eine Weiterbildungseinrichtung.<br \/>\nWir bitten daher, von Therapieanfragen abzusehen.<\/span><\/p>\n<!-- AddThis Advanced Settings generic via filter on the_content -->","protected":false},"excerpt":{"rendered":"<p>Nehmen Sie Kontakt zur Kreap\u00e4die Akademie auf. Hinweis: Die Kreap\u00e4die Akademie ist keine therapeutische Praxis sondern eine Weiterbildungseinrichtung. Wir bitten daher, von Therapieanfragen abzusehen. &hellip; <a class=\"more-link\" href=\"http:\/\/kreapaedie.de\/wordpress\/kontakt\/\">Weiterlesen <span class=\"meta-nav\">&rarr;<\/span><\/a><!-- AddThis Advanced Settings generic via filter on get_the_excerpt --><\/p>\n","protected":false},"author":1,"featured_media":0,"parent":0,"menu_order":0,"comment_status":"closed","ping_status":"open","template":"","meta":{"footnotes":""},"class_list":["post-139","page","type-page","status-publish","hentry"],"yoast_head":"<!-- This site is optimized with the Yoast SEO plugin v18.8 - https:\/\/yoast.com\/wordpress\/plugins\/seo\/ -->\n<title>Kontakt - Kreap\u00e4die Akademie<\/title>\n<meta name=\"description\" content=\"Nehmen Sie Kontakt zur Kreap\u00e4die Akademie auf. Hinweis: Die Kreap\u00e4die Akademie ist keine therapeutische Praxis sondern eine Weiterbildungseinrichtung.\" \/>\n<meta name=\"robots\" content=\"index, follow, max-snippet:-1, max-image-preview:large, max-video-preview:-1\" \/>\n<link rel=\"canonical\" href=\"http:\/\/kreapaedie.de\/wordpress\/kontakt\/\" \/>\n<meta property=\"og:locale\" content=\"de_DE\" \/>\n<meta property=\"og:type\" content=\"article\" \/>\n<meta property=\"og:title\" content=\"Kontakt - Kreap\u00e4die Akademie\" \/>\n<meta property=\"og:description\" content=\"Nehmen Sie Kontakt zur Kreap\u00e4die Akademie auf. Hinweis: Die Kreap\u00e4die Akademie ist keine therapeutische Praxis sondern eine Weiterbildungseinrichtung.\" \/>\n<meta property=\"og:url\" content=\"http:\/\/kreapaedie.de\/wordpress\/kontakt\/\" \/>\n<meta property=\"og:site_name\" content=\"Kreap\u00e4die Akademie\" \/>\n<meta property=\"article:modified_time\" content=\"2014-05-05T04:31:45+00:00\" \/>\n<script type=\"application\/ld+json\" class=\"yoast-schema-graph\">{\"@context\":\"https:\/\/schema.org\",\"@graph\":[{\"@type\":\"WebSite\",\"@id\":\"http:\/\/kreapaedie.de\/wordpress\/#website\",\"url\":\"http:\/\/kreapaedie.de\/wordpress\/\",\"name\":\"Kreap\u00e4die Akademie\",\"description\":\"Burnout Pr\u00e4vention &amp; Prophylaxe durch psychohygienische Pr\u00e4vention in K\u00f6ln\",\"potentialAction\":[{\"@type\":\"SearchAction\",\"target\":{\"@type\":\"EntryPoint\",\"urlTemplate\":\"http:\/\/kreapaedie.de\/wordpress\/?s={search_term_string}\"},\"query-input\":\"required name=search_term_string\"}],\"inLanguage\":\"de\"},{\"@type\":\"WebPage\",\"@id\":\"http:\/\/kreapaedie.de\/wordpress\/kontakt\/#webpage\",\"url\":\"http:\/\/kreapaedie.de\/wordpress\/kontakt\/\",\"name\":\"Kontakt - Kreap\u00e4die Akademie\",\"isPartOf\":{\"@id\":\"http:\/\/kreapaedie.de\/wordpress\/#website\"},\"datePublished\":\"2012-12-07T12:23:49+00:00\",\"dateModified\":\"2014-05-05T04:31:45+00:00\",\"description\":\"Nehmen Sie Kontakt zur Kreap\u00e4die Akademie auf. Hinweis: Die Kreap\u00e4die Akademie ist keine therapeutische Praxis sondern eine Weiterbildungseinrichtung.\",\"breadcrumb\":{\"@id\":\"http:\/\/kreapaedie.de\/wordpress\/kontakt\/#breadcrumb\"},\"inLanguage\":\"de\",\"potentialAction\":[{\"@type\":\"ReadAction\",\"target\":[\"http:\/\/kreapaedie.de\/wordpress\/kontakt\/\"]}]},{\"@type\":\"BreadcrumbList\",\"@id\":\"http:\/\/kreapaedie.de\/wordpress\/kontakt\/#breadcrumb\",\"itemListElement\":[{\"@type\":\"ListItem\",\"position\":1,\"name\":\"Home\",\"item\":\"http:\/\/kreapaedie.de\/wordpress\/\"},{\"@type\":\"ListItem\",\"position\":2,\"name\":\"Kontakt\"}]}]}<\/script>\n<!-- \/ Yoast SEO plugin. -->","yoast_head_json":{"title":"Kontakt - Kreap\u00e4die Akademie","description":"Nehmen Sie Kontakt zur Kreap\u00e4die Akademie auf. Hinweis: Die Kreap\u00e4die Akademie ist keine therapeutische Praxis sondern eine Weiterbildungseinrichtung.","robots":{"index":"index","follow":"follow","max-snippet":"max-snippet:-1","max-image-preview":"max-image-preview:large","max-video-preview":"max-video-preview:-1"},"canonical":"http:\/\/kreapaedie.de\/wordpress\/kontakt\/","og_locale":"de_DE","og_type":"article","og_title":"Kontakt - Kreap\u00e4die Akademie","og_description":"Nehmen Sie Kontakt zur Kreap\u00e4die Akademie auf. Hinweis: Die Kreap\u00e4die Akademie ist keine therapeutische Praxis sondern eine Weiterbildungseinrichtung.","og_url":"http:\/\/kreapaedie.de\/wordpress\/kontakt\/","og_site_name":"Kreap\u00e4die Akademie","article_modified_time":"2014-05-05T04:31:45+00:00","schema":{"@context":"https:\/\/schema.org","@graph":[{"@type":"WebSite","@id":"http:\/\/kreapaedie.de\/wordpress\/#website","url":"http:\/\/kreapaedie.de\/wordpress\/","name":"Kreap\u00e4die Akademie","description":"Burnout Pr\u00e4vention &amp; Prophylaxe durch psychohygienische Pr\u00e4vention in K\u00f6ln","potentialAction":[{"@type":"SearchAction","target":{"@type":"EntryPoint","urlTemplate":"http:\/\/kreapaedie.de\/wordpress\/?s={search_term_string}"},"query-input":"required name=search_term_string"}],"inLanguage":"de"},{"@type":"WebPage","@id":"http:\/\/kreapaedie.de\/wordpress\/kontakt\/#webpage","url":"http:\/\/kreapaedie.de\/wordpress\/kontakt\/","name":"Kontakt - Kreap\u00e4die Akademie","isPartOf":{"@id":"http:\/\/kreapaedie.de\/wordpress\/#website"},"datePublished":"2012-12-07T12:23:49+00:00","dateModified":"2014-05-05T04:31:45+00:00","description":"Nehmen Sie Kontakt zur Kreap\u00e4die Akademie auf. Hinweis: Die Kreap\u00e4die Akademie ist keine therapeutische Praxis sondern eine Weiterbildungseinrichtung.","breadcrumb":{"@id":"http:\/\/kreapaedie.de\/wordpress\/kontakt\/#breadcrumb"},"inLanguage":"de","potentialAction":[{"@type":"ReadAction","target":["http:\/\/kreapaedie.de\/wordpress\/kontakt\/"]}]},{"@type":"BreadcrumbList","@id":"http:\/\/kreapaedie.de\/wordpress\/kontakt\/#breadcrumb","itemListElement":[{"@type":"ListItem","position":1,"name":"Home","item":"http:\/\/kreapaedie.de\/wordpress\/"},{"@type":"ListItem","position":2,"name":"Kontakt"}]}]}},"_links":{"self":[{"href":"http:\/\/kreapaedie.de\/wordpress\/wp-json\/wp\/v2\/pages\/139","targetHints":{"allow":["GET"]}}],"collection":[{"href":"http:\/\/kreapaedie.de\/wordpress\/wp-json\/wp\/v2\/pages"}],"about":[{"href":"http:\/\/kreapaedie.de\/wordpress\/wp-json\/wp\/v2\/types\/page"}],"author":[{"embeddable":true,"href":"http:\/\/kreapaedie.de\/wordpress\/wp-json\/wp\/v2\/users\/1"}],"replies":[{"embeddable":true,"href":"http:\/\/kreapaedie.de\/wordpress\/wp-json\/wp\/v2\/comments?post=139"}],"version-history":[{"count":7,"href":"http:\/\/kreapaedie.de\/wordpress\/wp-json\/wp\/v2\/pages\/139\/revisions"}],"predecessor-version":[{"id":200,"href":"http:\/\/kreapaedie.de\/wordpress\/wp-json\/wp\/v2\/pages\/139\/revisions\/200"}],"wp:attachment":[{"href":"http:\/\/kreapaedie.de\/wordpress\/wp-json\/wp\/v2\/media?parent=139"}],"curies":[{"name":"wp","href":"https:\/\/api.w.org\/{rel}","templated":true}]}}